{"id":870,"date":"2025-08-29T09:40:05","date_gmt":"2025-08-29T13:40:05","guid":{"rendered":"https:\/\/dev2025.smartaboutsalt.com\/comprendre-le-sel\/"},"modified":"2025-09-09T17:37:17","modified_gmt":"2025-09-09T21:37:17","slug":"comprendre-le-sel","status":"publish","type":"page","link":"https:\/\/smartaboutsalt.com\/fr\/comprendre-le-sel\/","title":{"rendered":"Comprendre le sel"},"content":{"rendered":"<p>[et_pb_section fb_built=\u00a0\u00bb1&Prime; _builder_version=\u00a0\u00bb4.27.4&Prime; _module_preset=\u00a0\u00bbdefault\u00a0\u00bb use_background_color_gradient=\u00a0\u00bbon\u00a0\u00bb background_color_gradient_stops=\u00a0\u00bb#a3a3a3 0%|#ffffff 90%\u00a0\u00bb background_image=\u00a0\u00bbhttps:\/\/smartaboutsalt.com\/wp-content\/uploads\/2025\/08\/snow-plough.webp\u00a0\u00bb background_position=\u00a0\u00bbbottom_center\u00a0\u00bb background_blend=\u00a0\u00bbscreen\u00a0\u00bb custom_padding=\u00a0\u00bb70px||0px||false|false\u00a0\u00bb global_colors_info=\u00a0\u00bb{}\u00a0\u00bb][et_pb_row _builder_version=\u00a0\u00bb4.27.4&Prime; _module_preset=\u00a0\u00bbdefault\u00a0\u00bb width=\u00a0\u00bb60%\u00a0\u00bb width_tablet=\u00a0\u00bb78%\u00a0\u00bb width_phone=\u00a0\u00bb79%\u00a0\u00bb width_last_edited=\u00a0\u00bbon|desktop\u00a0\u00bb animation_style=\u00a0\u00bbfade\u00a0\u00bb global_colors_info=\u00a0\u00bb{}\u00a0\u00bb][et_pb_column type=\u00a0\u00bb4_4&Prime; _builder_version=\u00a0\u00bb4.27.4&Prime; _module_preset=\u00a0\u00bbdefault\u00a0\u00bb global_colors_info=\u00a0\u00bb{}\u00a0\u00bb][et_pb_text _builder_version=\u00a0\u00bb4.27.4&Prime; _module_preset=\u00a0\u00bbdefault\u00a0\u00bb header_font=\u00a0\u00bb|700|||||||\u00a0\u00bb header_text_align=\u00a0\u00bbcenter\u00a0\u00bb header_text_color=\u00a0\u00bb#017DC3&Prime; header_font_size=\u00a0\u00bb60px\u00a0\u00bb header_line_height=\u00a0\u00bb1.1em\u00a0\u00bb custom_margin=\u00a0\u00bb||10px|||\u00a0\u00bb hover_enabled=\u00a0\u00bb0&Prime; header_font_size_tablet=\u00a0\u00bb50px\u00a0\u00bb header_font_size_phone=\u00a0\u00bb36px\u00a0\u00bb header_font_size_last_edited=\u00a0\u00bbon|desktop\u00a0\u00bb global_colors_info=\u00a0\u00bb{}\u00a0\u00bb sticky_enabled=\u00a0\u00bb0&Prime;]<\/p>\n<h1>Comprendre comment fonctionne le sel et quand l\u2019utiliser<\/h1>\n<p>[\/et_pb_text][\/et_pb_column][\/et_pb_row][\/et_pb_section][et_pb_section fb_built=\u00a0\u00bb1&Prime; _builder_version=\u00a0\u00bb4.27.4&Prime; _module_preset=\u00a0\u00bbdefault\u00a0\u00bb custom_padding=\u00a0\u00bb0px||||false|false\u00a0\u00bb global_colors_info=\u00a0\u00bb{}\u00a0\u00bb][et_pb_row column_structure=\u00a0\u00bb1_2,1_2&Prime; make_equal=\u00a0\u00bbon\u00a0\u00bb _builder_version=\u00a0\u00bb4.27.4&Prime; _module_preset=\u00a0\u00bbdefault\u00a0\u00bb global_colors_info=\u00a0\u00bb{}\u00a0\u00bb][et_pb_column type=\u00a0\u00bb1_2&Prime; _builder_version=\u00a0\u00bb4.27.4&Prime; _module_preset=\u00a0\u00bbdefault\u00a0\u00bb custom_css_main_element=\u00a0\u00bbmargin: auto;\u00a0\u00bb global_colors_info=\u00a0\u00bb{}\u00a0\u00bb][et_pb_text _builder_version=\u00a0\u00bb4.27.4&Prime; _module_preset=\u00a0\u00bbdefault\u00a0\u00bb hover_enabled=\u00a0\u00bb0&Prime; global_colors_info=\u00a0\u00bb{}\u00a0\u00bb sticky_enabled=\u00a0\u00bb0&Prime;]<\/p>\n<h2>Un peu de sel, \u00e7a fait toute la diff\u00e9rence<\/h2>\n<p>Dans bien des cas, environ une cuill\u00e8re \u00e0 soupe de sel pour une surface d\u2019un m\u00e8tre carr\u00e9 d\u2019une dalle de trottoir suffit. Choisissez un fondeur \u00e0 sel ou \u00e0 glace avec un grain plus petit, \u00e9tal\u00e9 uniform\u00e9ment uniquement sur les zones glac\u00e9es et laissez le temps d\u2019agir. <\/p>\n<p>[\/et_pb_text][\/et_pb_column][et_pb_column type=\u00a0\u00bb1_2&Prime; _builder_version=\u00a0\u00bb4.27.4&Prime; _module_preset=\u00a0\u00bbdefault\u00a0\u00bb custom_css_main_element=\u00a0\u00bbmargin: auto;\u00a0\u00bb global_colors_info=\u00a0\u00bb{}\u00a0\u00bb][et_pb_image src=\u00a0\u00bbhttps:\/\/smartaboutsalt.com\/wp-content\/uploads\/2025\/08\/winter-roads.webp\u00a0\u00bb title_text=\u00a0\u00bbRoutes d\u2019hiver\u00a0\u00bb _builder_version=\u00a0\u00bb4.27.4&Prime; _module_preset=\u00a0\u00bbdefault\u00a0\u00bb hover_enabled=\u00a0\u00bb0&Prime; global_colors_info=\u00a0\u00bb{}\u00a0\u00bb sticky_enabled=\u00a0\u00bb0&Prime;][\/et_pb_image][\/et_pb_column][\/et_pb_row][et_pb_row make_equal=\u00a0\u00bbon\u00a0\u00bb _builder_version=\u00a0\u00bb4.27.4&Prime; _module_preset=\u00a0\u00bbdefault\u00a0\u00bb global_colors_info=\u00a0\u00bb{}\u00a0\u00bb][et_pb_column type=\u00a0\u00bb4_4&Prime; _builder_version=\u00a0\u00bb4.27.4&Prime; _module_preset=\u00a0\u00bbdefault\u00a0\u00bb custom_css_main_element=\u00a0\u00bbmargin: auto;\u00a0\u00bb global_colors_info=\u00a0\u00bb{}\u00a0\u00bb][et_pb_text _builder_version=\u00a0\u00bb4.27.4&Prime; _module_preset=\u00a0\u00bbdefault\u00a0\u00bb hover_enabled=\u00a0\u00bb0&Prime; global_colors_info=\u00a0\u00bb{}\u00a0\u00bb sticky_enabled=\u00a0\u00bb0&Prime;]<\/p>\n<h3>Le sel fonctionne mieux entre 0 et -10 degr\u00e9s Celsius.<\/h3>\n<p>Quand il fait trop froid pour que le sel fonctionne, passez au sable, au gravier ou \u00e0 la liti\u00e8re non agglom\u00e9rante. Cela ne fera pas fondre la glace, mais offrira de l\u2019adh\u00e9rence pour r\u00e9duire le risque de glissement. Les temp\u00e9ratures montent-elles? Au lieu du sel, laisse le soleil faire fondre pour toi. Pendant que le soleil fait son travail, un peu de sable peut aider \u00e0 fournir de l\u2019adh\u00e9rence pour r\u00e9duire le risque de glissade.    <\/p>\n<p>Lorsque la temp\u00e9rature descend \u00e0 0\u00b0C, l\u2019eau se transforme en glace. Le sel fonctionne en se dissolvant dans l\u2019eau, cr\u00e9ant une saumure qui a une temp\u00e9rature de cong\u00e9lation plus basse que l\u2019eau pure. <\/p>\n<p>Par temps froid, la neige peut s\u2019accrocher \u00e0 l\u2019asphalte, rendant son enl\u00e8vement tr\u00e8s difficile. Le sel d\u2019hiver emp\u00eache ou brise la liaison entre la glace et le pavage, permettant de d\u00e9neiger ou de pelleter plus facilement. <\/p>\n<p>Diff\u00e9rents types de sel fonctionnent \u00e0 diff\u00e9rentes temp\u00e9ratures. Suivez les instructions du fabricant concernant les temp\u00e9ratures de travail et les taux d\u2019application. Avant d\u2019appliquer du sel, v\u00e9rifiez la temp\u00e9rature ext\u00e9rieure pour vous assurer que le sel que vous utilisez fonctionne.  <\/p>\n<p>[\/et_pb_text][\/et_pb_column][\/et_pb_row][\/et_pb_section][et_pb_section fb_built=\u00a0\u00bb1&Prime; _builder_version=\u00a0\u00bb4.27.4&Prime; _module_preset=\u00a0\u00bbdefault\u00a0\u00bb background_color=\u00a0\u00bb#015082&Prime; background_enable_image=\u00a0\u00bboff\u00a0\u00bb background_blend=\u00a0\u00bbmultiply\u00a0\u00bb custom_padding=\u00a0\u00bb80px||80px||true|false\u00a0\u00bb global_colors_info=\u00a0\u00bb{}\u00a0\u00bb][et_pb_row _builder_version=\u00a0\u00bb4.27.4&Prime; _module_preset=\u00a0\u00bbdefault\u00a0\u00bb animation_style=\u00a0\u00bbfade\u00a0\u00bb global_colors_info=\u00a0\u00bb{}\u00a0\u00bb][et_pb_column type=\u00a0\u00bb4_4&Prime; _builder_version=\u00a0\u00bb4.27.4&Prime; _module_preset=\u00a0\u00bbdefault\u00a0\u00bb global_colors_info=\u00a0\u00bb{}\u00a0\u00bb][et_pb_text _builder_version=\u00a0\u00bb4.27.4&Prime; _module_preset=\u00a0\u00bbdefault\u00a0\u00bb header_3_text_align=\u00a0\u00bbleft\u00a0\u00bb header_3_text_color=\u00a0\u00bb#FFFFFF\u00a0\u00bb header_3_font_size=\u00a0\u00bb30px\u00a0\u00bb header_3_line_height=\u00a0\u00bb1.5em\u00a0\u00bb hover_enabled=\u00a0\u00bb0&Prime; global_colors_info=\u00a0\u00bb{}\u00a0\u00bb sticky_enabled=\u00a0\u00bb0&Prime; text_text_color=\u00a0\u00bb#FFFFFF\u00a0\u00bb]<\/p>\n<h3>Sur le trottoir<\/h3>\n<p>Lorsque le sel sec de la route est \u00e9tal\u00e9 sur l\u2019asphalte, le sel se m\u00e9lange aux gouttelettes d\u2019eau provenant de la neige ou de la glace pour cr\u00e9er de l\u2019eau sal\u00e9e, appel\u00e9e solution de saumure. Ce liquide s\u2019\u00e9tale pour couvrir une plus grande surface. <\/p>\n<p>Le sel pulv\u00e9ris\u00e9 avec une solution de saumure manufactur\u00e9e s\u2019appelle du sel pr\u00e9-humide. Cela aide le sel \u00e0 agir plus rapidement pour faire fondre la glace et la neige sur le trottoir. <\/p>\n<p>Les solutions de saumure sont aussi utilis\u00e9es pour l\u2019anti-givrage. Dans ce cas, la saumure est appliqu\u00e9e sur un rev\u00eatement d\u00e9gag\u00e9 avant une temp\u00eate pr\u00e9vue. Le m\u00e9lange liquide s\u00e8che sur la surface pav\u00e9e. Lorsque la neige tombe ou que le gel se forme, elle recr\u00e9e la saumure et emp\u00eache la neige et la glace de coller \u00e0 la route.   <\/p>\n<p>Les avantages d\u2019utiliser des solutions de saumure pour pr\u00e9venir et faire fondre la glace incluent moins de sel, travailler \u00e0 des temp\u00e9ratures plus basses et rester l\u00e0 o\u00f9 on est appliqu\u00e9.[\/et_pb_text][\/et_pb_column][\/et_pb_row][\/et_pb_section]<\/p>\n","protected":false},"excerpt":{"rendered":"<p>Comprendre comment fonctionne le sel et quand l\u2019utiliserUn peu de sel, \u00e7a fait toute la diff\u00e9rence Dans bien des cas, environ une cuill\u00e8re \u00e0 soupe de sel pour une surface d\u2019un m\u00e8tre carr\u00e9 d\u2019une dalle de trottoir suffit. Choisissez un fondeur \u00e0 sel ou \u00e0 glace avec un grain plus petit, \u00e9tal\u00e9 uniform\u00e9ment uniquement sur [&hellip;]<\/p>\n","protected":false},"author":1,"featured_media":0,"parent":0,"menu_order":0,"comment_status":"closed","ping_status":"closed","template":"","meta":{"_acf_changed":false,"_et_pb_use_builder":"on","_et_pb_old_content":"","_et_gb_content_width":"","footnotes":""},"dipi_cpt_category":[],"class_list":["post-870","page","type-page","status-publish","hentry"],"acf":[],"_links":{"self":[{"href":"https:\/\/smartaboutsalt.com\/fr\/wp-json\/wp\/v2\/pages\/870","targetHints":{"allow":["GET"]}}],"collection":[{"href":"https:\/\/smartaboutsalt.com\/fr\/wp-json\/wp\/v2\/pages"}],"about":[{"href":"https:\/\/smartaboutsalt.com\/fr\/wp-json\/wp\/v2\/types\/page"}],"author":[{"embeddable":true,"href":"https:\/\/smartaboutsalt.com\/fr\/wp-json\/wp\/v2\/users\/1"}],"replies":[{"embeddable":true,"href":"https:\/\/smartaboutsalt.com\/fr\/wp-json\/wp\/v2\/comments?post=870"}],"version-history":[{"count":2,"href":"https:\/\/smartaboutsalt.com\/fr\/wp-json\/wp\/v2\/pages\/870\/revisions"}],"predecessor-version":[{"id":872,"href":"https:\/\/smartaboutsalt.com\/fr\/wp-json\/wp\/v2\/pages\/870\/revisions\/872"}],"wp:attachment":[{"href":"https:\/\/smartaboutsalt.com\/fr\/wp-json\/wp\/v2\/media?parent=870"}],"wp:term":[{"taxonomy":"dipi_cpt_category","embeddable":true,"href":"https:\/\/smartaboutsalt.com\/fr\/wp-json\/wp\/v2\/dipi_cpt_category?post=870"}],"curies":[{"name":"wp","href":"https:\/\/api.w.org\/{rel}","templated":true}]}}