{"id":858,"date":"2025-08-29T10:29:31","date_gmt":"2025-08-29T14:29:31","guid":{"rendered":"https:\/\/dev2025.smartaboutsalt.com\/limpact-du-sel\/"},"modified":"2025-09-09T17:36:45","modified_gmt":"2025-09-09T21:36:45","slug":"limpact-du-sel","status":"publish","type":"page","link":"https:\/\/smartaboutsalt.com\/fr\/limpact-du-sel\/","title":{"rendered":"L\u2019impact du sel"},"content":{"rendered":"<p>[et_pb_section fb_built=\u00a0\u00bb1&Prime; _builder_version=\u00a0\u00bb4.27.4&Prime; _module_preset=\u00a0\u00bbdefault\u00a0\u00bb use_background_color_gradient=\u00a0\u00bbon\u00a0\u00bb background_color_gradient_stops=\u00a0\u00bb#a3a3a3 0%|#ffffff 90%\u00a0\u00bb background_image=\u00a0\u00bbhttps:\/\/smartaboutsalt.com\/wp-content\/uploads\/2025\/08\/snow-plough.webp\u00a0\u00bb background_position=\u00a0\u00bbbottom_center\u00a0\u00bb background_blend=\u00a0\u00bbscreen\u00a0\u00bb custom_padding=\u00a0\u00bb70px||0px||false|false\u00a0\u00bb global_colors_info=\u00a0\u00bb{}\u00a0\u00bb][et_pb_row _builder_version=\u00a0\u00bb4.27.4&Prime; _module_preset=\u00a0\u00bbdefault\u00a0\u00bb width=\u00a0\u00bb60%\u00a0\u00bb width_tablet=\u00a0\u00bb78%\u00a0\u00bb width_phone=\u00a0\u00bb79%\u00a0\u00bb width_last_edited=\u00a0\u00bbon|desktop\u00a0\u00bb animation_style=\u00a0\u00bbfade\u00a0\u00bb global_colors_info=\u00a0\u00bb{}\u00a0\u00bb][et_pb_column type=\u00a0\u00bb4_4&Prime; _builder_version=\u00a0\u00bb4.27.4&Prime; _module_preset=\u00a0\u00bbdefault\u00a0\u00bb global_colors_info=\u00a0\u00bb{}\u00a0\u00bb][et_pb_text _builder_version=\u00a0\u00bb4.27.4&Prime; _module_preset=\u00a0\u00bbdefault\u00a0\u00bb header_font=\u00a0\u00bb|700|||||||\u00a0\u00bb header_text_align=\u00a0\u00bbcenter\u00a0\u00bb header_text_color=\u00a0\u00bb#017DC3&Prime; header_font_size=\u00a0\u00bb60px\u00a0\u00bb header_line_height=\u00a0\u00bb1.1em\u00a0\u00bb custom_margin=\u00a0\u00bb||10px|||\u00a0\u00bb header_font_size_tablet=\u00a0\u00bb50px\u00a0\u00bb header_font_size_phone=\u00a0\u00bb36px\u00a0\u00bb header_font_size_last_edited=\u00a0\u00bbon|desktop\u00a0\u00bb global_colors_info=\u00a0\u00bb{}\u00a0\u00bb]<\/p>\n<h1>Le sel et notre environnement<\/h1>\n<p>[\/et_pb_text][\/et_pb_column][\/et_pb_row][\/et_pb_section][et_pb_section fb_built=\u00a0\u00bb1&Prime; _builder_version=\u00a0\u00bb4.27.4&Prime; _module_preset=\u00a0\u00bbdefault\u00a0\u00bb custom_padding=\u00a0\u00bb0px||||false|false\u00a0\u00bb global_colors_info=\u00a0\u00bb{}\u00a0\u00bb][et_pb_row _builder_version=\u00a0\u00bb4.27.4&Prime; _module_preset=\u00a0\u00bbdefault\u00a0\u00bb column_structure=\u00a0\u00bb1_3,1_3,1_3&Prime; hover_enabled=\u00a0\u00bb0&Prime; sticky_enabled=\u00a0\u00bb0&Prime;][et_pb_column _builder_version=\u00a0\u00bb4.27.4&Prime; _module_preset=\u00a0\u00bbdefault\u00a0\u00bb type=\u00a0\u00bb1_3&Prime;][et_pb_text _builder_version=\u00a0\u00bb4.27.4&Prime; _module_preset=\u00a0\u00bbdefault\u00a0\u00bb hover_enabled=\u00a0\u00bb0&Prime; global_colors_info=\u00a0\u00bb{}\u00a0\u00bb sticky_enabled=\u00a0\u00bb0&Prime; header_2_font_size=\u00a0\u00bb29px\u00a0\u00bb ol_position=\u00a0\u00bboutside\u00a0\u00bb ol_item_indent=\u00a0\u00bb25px\u00a0\u00bb header_3_font=\u00a0\u00bb|700|||||||\u00a0\u00bb header_3_text_color=\u00a0\u00bb#017DC3&Prime;]<\/p>\n<h3>Aidez \u00e0 garder le sel hors de notre eau<\/h3>\n<ol>\n<li><strong>Brise la glace.<\/strong>  Brisez la glace avant d\u2019attraper le sel. Essaie d\u2019utiliser un hachoir \u00e0 glace en acier pour briser la glace. <\/li>\n<li><strong>Cr\u00e9ez de l\u2019adh\u00e9rence.<\/strong>  Passez au sable, au gravier et \u00e0 la liti\u00e8re non agglom\u00e9rante quand il fait trop froid pour que le sel fonctionne. Cela ne fera pas fondre la glace, mais offrira de l\u2019adh\u00e9rence pour r\u00e9duire le risque de glissement. <\/li>\n<li><strong>Pr\u00e9venez la glace pour r\u00e9duire les risques de glissade et de chute.<\/strong>  Dirigez les descentes pluviales loin des all\u00e9es et des entr\u00e9es, et gardez les avant-toits et les \u00e9gouts pluviaux d\u00e9gag\u00e9s. Moins de glace signifie moins de sel. <\/li>\n<li><strong>D\u00e9gagez d\u2019abord la neige.<\/strong>  Enlevez la neige d\u00e8s que possible avant qu\u2019elle ne se tasse et ne se transforme en glace. N\u2019utilisez pas de sel pour faire fondre la neige \u2013 gardez le sel uniquement pour les zones glac\u00e9es. <\/li>\n<li><strong>Utilisez le sel judicieusement.<\/strong>  N\u2019utilisez du sel que sur les zones glac\u00e9es et laissez le temps de faire effet. Dans bien des cas, environ une cuill\u00e8re \u00e0 soupe de sel pour une surface d\u2019un m\u00e8tre carr\u00e9 suffit. <\/li>\n<\/ol>\n<p>[\/et_pb_text][\/et_pb_column][et_pb_column _builder_version=\u00a0\u00bb4.27.4&Prime; _module_preset=\u00a0\u00bbdefault\u00a0\u00bb type=\u00a0\u00bb1_3&Prime;][et_pb_text _builder_version=\u00a0\u00bb4.27.4&Prime; _module_preset=\u00a0\u00bbdefault\u00a0\u00bb hover_enabled=\u00a0\u00bb0&Prime; global_colors_info=\u00a0\u00bb{}\u00a0\u00bb sticky_enabled=\u00a0\u00bb0&Prime; header_2_font_size=\u00a0\u00bb29px\u00a0\u00bb ol_position=\u00a0\u00bboutside\u00a0\u00bb ol_item_indent=\u00a0\u00bb25px\u00a0\u00bb header_3_font=\u00a0\u00bb|700|||||||\u00a0\u00bb header_3_text_color=\u00a0\u00bb#017DC3&Prime;]<\/p>\n<h3>Comment le sel influence la qualit\u00e9 de l\u2019eau<\/h3>\n<ol>\n<li><strong>Le sel contient des produits contenant du chlorure.<\/strong>  Que le produit indique sel, fonte de glace, compatible avec les animaux, \u00e9cologique ou 100% naturel \u2013 s\u2019il fait fondre la glace, il contient probablement du chlorure et est nocif pour l\u2019eau.<\/li>\n<li><strong>Le sel a un impact sur la qualit\u00e9 de l\u2019eau.<\/strong>  Le sel ne dispara\u00eet pas apr\u00e8s avoir fait fondre la glace. Avec le temps, le sel que nous mettons sur le grounf peut se retrouver dans notre eau potable, ce qui lui donne un go\u00fbt sal\u00e9. <\/li>\n<li><strong>O\u00f9 va tout ce sel?<\/strong>  Le sel ne dispara\u00eet pas apr\u00e8s avoir fait fondre la glace. Il peut s\u2019infiltrer dans le sol pour se m\u00e9langer \u00e0 l\u2019eau souterraine ou s\u2019\u00e9couler dans un bassin pluvial qui se jette dans un cours d\u2019eau local. <\/li>\n<\/ol>\n<p>[\/et_pb_text][\/et_pb_column][et_pb_column _builder_version=\u00a0\u00bb4.27.4&Prime; _module_preset=\u00a0\u00bbdefault\u00a0\u00bb type=\u00a0\u00bb1_3&Prime;][et_pb_text _builder_version=\u00a0\u00bb4.27.4&Prime; _module_preset=\u00a0\u00bbdefault\u00a0\u00bb hover_enabled=\u00a0\u00bb0&Prime; global_colors_info=\u00a0\u00bb{}\u00a0\u00bb sticky_enabled=\u00a0\u00bb0&Prime; header_2_font_size=\u00a0\u00bb29px\u00a0\u00bb ol_position=\u00a0\u00bboutside\u00a0\u00bb ol_item_indent=\u00a0\u00bb25px\u00a0\u00bb header_3_font=\u00a0\u00bb|700|||||||\u00a0\u00bb header_3_text_color=\u00a0\u00bb#017DC3&Prime; header_5_font=\u00a0\u00bb|700|||||||\u00a0\u00bb]<\/p>\n<h3>Comment le sel nous affecte tous<\/h3>\n<h5>Nos bottes vous remercieront.<\/h5>\n<p>Arr\u00eater compl\u00e8tement de saler n\u2019est peut-\u00eatre pas une option, mais en utiliser un peu moins peut signifier moins de bottes d\u2019hiver tach\u00e9es de sel.<\/p>\n<h5>Nos b\u00e2timents vous en remercieront.<\/h5>\n<p>Arr\u00eater compl\u00e8tement de saler n\u2019est peut-\u00eatre pas une option, mais en utiliser un peu moins peut signifier moins de r\u00e9parations caus\u00e9es par les dommages caus\u00e9s par le sel aux b\u00e2timents.<\/p>\n<h5>Nos enfants vous remercieront.<\/h5>\n<p>Arr\u00eater compl\u00e8tement de saler n\u2019est peut-\u00eatre pas une option, mais en utiliser un peu moins aide \u00e0 prot\u00e9ger l\u2019eau potable pour les g\u00e9n\u00e9rations futures.<\/p>\n<p>[\/et_pb_text][\/et_pb_column][\/et_pb_row][\/et_pb_section]<\/p>\n","protected":false},"excerpt":{"rendered":"<p>Le sel et notre environnementAidez \u00e0 garder le sel hors de notre eau Brise la glace. Brisez la glace avant d\u2019attraper le sel. Essaie d\u2019utiliser un hachoir \u00e0 glace en acier pour briser la glace. Cr\u00e9ez de l\u2019adh\u00e9rence. Passez au sable, au gravier et \u00e0 la liti\u00e8re non agglom\u00e9rante quand il fait trop froid pour [&hellip;]<\/p>\n","protected":false},"author":1,"featured_media":0,"parent":0,"menu_order":0,"comment_status":"closed","ping_status":"closed","template":"","meta":{"_acf_changed":false,"_et_pb_use_builder":"on","_et_pb_old_content":"","_et_gb_content_width":"","footnotes":""},"dipi_cpt_category":[],"class_list":["post-858","page","type-page","status-publish","hentry"],"acf":[],"_links":{"self":[{"href":"https:\/\/smartaboutsalt.com\/fr\/wp-json\/wp\/v2\/pages\/858","targetHints":{"allow":["GET"]}}],"collection":[{"href":"https:\/\/smartaboutsalt.com\/fr\/wp-json\/wp\/v2\/pages"}],"about":[{"href":"https:\/\/smartaboutsalt.com\/fr\/wp-json\/wp\/v2\/types\/page"}],"author":[{"embeddable":true,"href":"https:\/\/smartaboutsalt.com\/fr\/wp-json\/wp\/v2\/users\/1"}],"replies":[{"embeddable":true,"href":"https:\/\/smartaboutsalt.com\/fr\/wp-json\/wp\/v2\/comments?post=858"}],"version-history":[{"count":2,"href":"https:\/\/smartaboutsalt.com\/fr\/wp-json\/wp\/v2\/pages\/858\/revisions"}],"predecessor-version":[{"id":860,"href":"https:\/\/smartaboutsalt.com\/fr\/wp-json\/wp\/v2\/pages\/858\/revisions\/860"}],"wp:attachment":[{"href":"https:\/\/smartaboutsalt.com\/fr\/wp-json\/wp\/v2\/media?parent=858"}],"wp:term":[{"taxonomy":"dipi_cpt_category","embeddable":true,"href":"https:\/\/smartaboutsalt.com\/fr\/wp-json\/wp\/v2\/dipi_cpt_category?post=858"}],"curies":[{"name":"wp","href":"https:\/\/api.w.org\/{rel}","templated":true}]}}