{"id":847,"date":"2025-08-29T09:57:43","date_gmt":"2025-08-29T13:57:43","guid":{"rendered":"https:\/\/dev2025.smartaboutsalt.com\/degagement-de-glace-et-conseils-pour-lhiver\/"},"modified":"2025-09-09T17:35:50","modified_gmt":"2025-09-09T21:35:50","slug":"degagement-de-glace-et-conseils-pour-lhiver","status":"publish","type":"page","link":"https:\/\/smartaboutsalt.com\/fr\/degagement-de-glace-et-conseils-pour-lhiver\/","title":{"rendered":"D\u00e9gagement de glace et conseils pour l\u2019hiver"},"content":{"rendered":"<p>[et_pb_section fb_built=\u00a0\u00bb1&Prime; _builder_version=\u00a0\u00bb4.27.4&Prime; _module_preset=\u00a0\u00bbdefault\u00a0\u00bb use_background_color_gradient=\u00a0\u00bbon\u00a0\u00bb background_color_gradient_stops=\u00a0\u00bb#a3a3a3 0%|#ffffff 90%\u00a0\u00bb background_image=\u00a0\u00bbhttps:\/\/smartaboutsalt.com\/wp-content\/uploads\/2025\/08\/snow-plough.webp\u00a0\u00bb background_position=\u00a0\u00bbbottom_center\u00a0\u00bb background_blend=\u00a0\u00bbscreen\u00a0\u00bb custom_padding=\u00a0\u00bb70px||0px||false|false\u00a0\u00bb global_colors_info=\u00a0\u00bb{}\u00a0\u00bb][et_pb_row _builder_version=\u00a0\u00bb4.27.4&Prime; _module_preset=\u00a0\u00bbdefault\u00a0\u00bb width=\u00a0\u00bb60%\u00a0\u00bb width_tablet=\u00a0\u00bb78%\u00a0\u00bb width_phone=\u00a0\u00bb79%\u00a0\u00bb width_last_edited=\u00a0\u00bbon|desktop\u00a0\u00bb animation_style=\u00a0\u00bbfade\u00a0\u00bb global_colors_info=\u00a0\u00bb{}\u00a0\u00bb][et_pb_column type=\u00a0\u00bb4_4&Prime; _builder_version=\u00a0\u00bb4.27.4&Prime; _module_preset=\u00a0\u00bbdefault\u00a0\u00bb global_colors_info=\u00a0\u00bb{}\u00a0\u00bb][et_pb_text _builder_version=\u00a0\u00bb4.27.4&Prime; _module_preset=\u00a0\u00bbdefault\u00a0\u00bb header_font=\u00a0\u00bb|700|||||||\u00a0\u00bb header_text_align=\u00a0\u00bbcenter\u00a0\u00bb header_text_color=\u00a0\u00bb#017DC3&Prime; header_font_size=\u00a0\u00bb60px\u00a0\u00bb header_line_height=\u00a0\u00bb1.1em\u00a0\u00bb custom_margin=\u00a0\u00bb||10px|||\u00a0\u00bb hover_enabled=\u00a0\u00bb0&Prime; header_font_size_tablet=\u00a0\u00bb50px\u00a0\u00bb header_font_size_phone=\u00a0\u00bb36px\u00a0\u00bb header_font_size_last_edited=\u00a0\u00bbon|desktop\u00a0\u00bb global_colors_info=\u00a0\u00bb{}\u00a0\u00bb sticky_enabled=\u00a0\u00bb0&Prime;]<\/p>\n<h1>D\u00e9gagement de glace et conseils pour l\u2019hiver<\/h1>\n<p>[\/et_pb_text][\/et_pb_column][\/et_pb_row][\/et_pb_section][et_pb_section fb_built=\u00a0\u00bb1&Prime; _builder_version=\u00a0\u00bb4.27.4&Prime; _module_preset=\u00a0\u00bbdefault\u00a0\u00bb custom_padding=\u00a0\u00bb0px||||false|false\u00a0\u00bb global_colors_info=\u00a0\u00bb{}\u00a0\u00bb][et_pb_row make_equal=\u00a0\u00bbon\u00a0\u00bb _builder_version=\u00a0\u00bb4.27.4&Prime; _module_preset=\u00a0\u00bbdefault\u00a0\u00bb hover_enabled=\u00a0\u00bb0&Prime; global_colors_info=\u00a0\u00bb{}\u00a0\u00bb sticky_enabled=\u00a0\u00bb0&Prime;][et_pb_column type=\u00a0\u00bb4_4&Prime; _builder_version=\u00a0\u00bb4.27.4&Prime; _module_preset=\u00a0\u00bbdefault\u00a0\u00bb custom_css_main_element=\u00a0\u00bbmargin: auto;\u00a0\u00bb global_colors_info=\u00a0\u00bb{}\u00a0\u00bb][et_pb_text _builder_version=\u00a0\u00bb4.27.4&Prime; _module_preset=\u00a0\u00bbdefault\u00a0\u00bb hover_enabled=\u00a0\u00bb0&Prime; global_colors_info=\u00a0\u00bb{}\u00a0\u00bb text_orientation=\u00a0\u00bbcenter\u00a0\u00bb sticky_enabled=\u00a0\u00bb0&Prime; link_text_color=\u00a0\u00bb#017DC3&Prime; link_font=\u00a0\u00bb||||on||||\u00a0\u00bb]<\/p>\n<p>Choisissez les bons outils pour la m\u00e9t\u00e9o. Les outils de d\u00e9neigement et de glace contiennent plus que du sel. Avant de prendre du sel, demandez-vous quels outils (pelle, coupe-glace, sable&#8230;) vous avez pour g\u00e9rer les conditions m\u00e9t\u00e9orologiques.  <\/p>\n<p>Sans aucun doute, le sel d\u2019hiver aide \u00e0 garder nos routes, stationnements et sentiers d\u00e9gag\u00e9s de la neige et de la glace. Cependant, \u00e0 mesure que la population, la circulation et les infrastructures augmentent, notre d\u00e9pendance au sel augmente aussi \u2013 ce qui n\u2019est pas n\u00e9cessairement une bonne chose. <\/p>\n<p>Il est possible de rester en s\u00e9curit\u00e9 cet hiver et de minimiser <a href=\"https:\/\/smartaboutsalt.com\/fr\/le-sel-et-notre-environnement\/\">l\u2019impact du sel sur l\u2019environnement<\/a>.<\/p>\n<p>[\/et_pb_text][\/et_pb_column][\/et_pb_row][\/et_pb_section][et_pb_section fb_built=\u00a0\u00bb1&Prime; _builder_version=\u00a0\u00bb4.27.4&Prime; _module_preset=\u00a0\u00bbdefault\u00a0\u00bb custom_padding=\u00a0\u00bb0px||||false|false\u00a0\u00bb global_colors_info=\u00a0\u00bb{}\u00a0\u00bb][et_pb_row column_structure=\u00a0\u00bb1_2,1_2&Prime; make_equal=\u00a0\u00bbon\u00a0\u00bb _builder_version=\u00a0\u00bb4.27.4&Prime; _module_preset=\u00a0\u00bbdefault\u00a0\u00bb global_colors_info=\u00a0\u00bb{}\u00a0\u00bb][et_pb_column type=\u00a0\u00bb1_2&Prime; _builder_version=\u00a0\u00bb4.27.4&Prime; _module_preset=\u00a0\u00bbdefault\u00a0\u00bb custom_css_main_element=\u00a0\u00bbmargin: auto;\u00a0\u00bb global_colors_info=\u00a0\u00bb{}\u00a0\u00bb][et_pb_text _builder_version=\u00a0\u00bb4.27.4&Prime; _module_preset=\u00a0\u00bbdefault\u00a0\u00bb hover_enabled=\u00a0\u00bb0&Prime; global_colors_info=\u00a0\u00bb{}\u00a0\u00bb ol_item_indent=\u00a0\u00bb30px\u00a0\u00bb ol_position=\u00a0\u00bboutside\u00a0\u00bb sticky_enabled=\u00a0\u00bb0&Prime; link_text_color=\u00a0\u00bb#017DC3&Prime; link_font=\u00a0\u00bb||||on||||\u00a0\u00bb]<\/p>\n<h2>Prends le contr\u00f4le de la neige et de la glace<\/h2>\n<p>Bien que le sel puisse rendre l\u2019hiver plus s\u00fbr, ce n\u2019est qu\u2019une partie de la solution. Fais ta part. Prot\u00e9gez-vous contre les glissades et les chutes.  <\/p>\n<ol>\n<li>Portez des chaussures robustes con\u00e7ues pour la neige et la glace afin de vous prot\u00e9ger contre les glissades et les chutes.<br \/>Les bottes devraient avoir une bonne semelle pour l\u2019adh\u00e9rence avec des talons bas et larges. Consultez ce <a href=\"\/wp-content\/uploads\/2025\/08\/SAS_WinterBootAnatomy.pdf\" target=\"_blank\" rel=\"noopener\">guide pratique (PDF)<\/a> pour acheter des chaussures d\u2019hiver appropri\u00e9es. <\/li>\n<li>Mettez des pneus d\u2019hiver sur votre voiture. Ralentis sur la route. Donnez-vous plus de temps pour arriver \u00e0 destination. Conduis pour les conditions. Et assure-toi de donner beaucoup d\u2019espace aux conducteurs de chasse-neige pour faire leur travail.    <\/li>\n<li>Utilisez une aide \u00e0 la traction comme de la liti\u00e8re pour chat ou du sable pour r\u00e9duire le risque de glisser.<\/li>\n<\/ol>\n<p><a href=\"\/wp-content\/uploads\/2025\/08\/SAS-Curb-the-Salt-poster-8.5x11-FINAL.pdf\" target=\"_blank\" rel=\"noopener\">T\u00e9l\u00e9chargez l\u2019affiche \u00ab Curb the Salt \u00bb (PDF)<\/a><\/p>\n<p>[\/et_pb_text][\/et_pb_column][et_pb_column type=\u00a0\u00bb1_2&Prime; _builder_version=\u00a0\u00bb4.27.4&Prime; _module_preset=\u00a0\u00bbdefault\u00a0\u00bb custom_css_main_element=\u00a0\u00bbmargin: auto;\u00a0\u00bb global_colors_info=\u00a0\u00bb{}\u00a0\u00bb][et_pb_image src=\u00a0\u00bbhttps:\/\/smartaboutsalt.com\/wp-content\/uploads\/2025\/08\/Snow-Boots.webp\u00a0\u00bb title_text=\u00a0\u00bbBottes de Neige\u00a0\u00bb _builder_version=\u00a0\u00bb4.27.4&Prime; _module_preset=\u00a0\u00bbdefault\u00a0\u00bb hover_enabled=\u00a0\u00bb0&Prime; global_colors_info=\u00a0\u00bb{}\u00a0\u00bb sticky_enabled=\u00a0\u00bb0&Prime;][\/et_pb_image][\/et_pb_column][\/et_pb_row][\/et_pb_section][et_pb_section fb_built=\u00a0\u00bb1&Prime; _builder_version=\u00a0\u00bb4.27.4&Prime; _module_preset=\u00a0\u00bbdefault\u00a0\u00bb background_color=\u00a0\u00bb#015082&Prime; background_enable_image=\u00a0\u00bboff\u00a0\u00bb background_blend=\u00a0\u00bbmultiply\u00a0\u00bb custom_padding=\u00a0\u00bb80px||80px||true|false\u00a0\u00bb global_colors_info=\u00a0\u00bb{}\u00a0\u00bb][et_pb_row _builder_version=\u00a0\u00bb4.27.4&Prime; _module_preset=\u00a0\u00bbdefault\u00a0\u00bb animation_style=\u00a0\u00bbfade\u00a0\u00bb global_colors_info=\u00a0\u00bb{}\u00a0\u00bb][et_pb_column type=\u00a0\u00bb4_4&Prime; _builder_version=\u00a0\u00bb4.27.4&Prime; _module_preset=\u00a0\u00bbdefault\u00a0\u00bb global_colors_info=\u00a0\u00bb{}\u00a0\u00bb][et_pb_text _builder_version=\u00a0\u00bb4.27.4&Prime; _module_preset=\u00a0\u00bbdefault\u00a0\u00bb header_3_text_align=\u00a0\u00bbleft\u00a0\u00bb header_3_text_color=\u00a0\u00bb#FFFFFF\u00a0\u00bb header_3_font_size=\u00a0\u00bb30px\u00a0\u00bb header_3_line_height=\u00a0\u00bb1.5em\u00a0\u00bb hover_enabled=\u00a0\u00bb0&Prime; global_colors_info=\u00a0\u00bb{}\u00a0\u00bb text_text_color=\u00a0\u00bb#FFFFFF\u00a0\u00bb sticky_enabled=\u00a0\u00bb0&Prime;]<\/p>\n<h3>Soyez intelligent avec le sel<\/h3>\n<p>Pour garder votre entr\u00e9e et votre trottoir d\u00e9gag\u00e9s de neige et de glace :[\/et_pb_text][\/et_pb_column][\/et_pb_row][et_pb_row _builder_version=\u00a0\u00bb4.27.4&Prime; _module_preset=\u00a0\u00bbdefault\u00a0\u00bb hover_enabled=\u00a0\u00bb0&Prime; global_colors_info=\u00a0\u00bb{}\u00a0\u00bb sticky_enabled=\u00a0\u00bb0&Prime;][et_pb_column type=\u00a0\u00bb4_4&Prime; _builder_version=\u00a0\u00bb4.27.4&Prime; _module_preset=\u00a0\u00bbdefault\u00a0\u00bb global_colors_info=\u00a0\u00bb{}\u00a0\u00bb][et_pb_text _builder_version=\u00a0\u00bb4.27.4&Prime; _module_preset=\u00a0\u00bbdefault\u00a0\u00bb text_text_color=\u00a0\u00bb#FFFFFF\u00a0\u00bb header_5_font=\u00a0\u00bb|700|||||||\u00a0\u00bb header_5_text_color=\u00a0\u00bb#FFFFFF\u00a0\u00bb header_5_font_size=\u00a0\u00bb20px\u00a0\u00bb header_5_line_height=\u00a0\u00bb1.3em\u00a0\u00bb hover_enabled=\u00a0\u00bb0&Prime; global_colors_info=\u00a0\u00bb{}\u00a0\u00bb ol_position=\u00a0\u00bboutside\u00a0\u00bb ol_item_indent=\u00a0\u00bb30px\u00a0\u00bb sticky_enabled=\u00a0\u00bb0&Prime;]<\/p>\n<ol>\n<li><strong>Pelle d\u2019abord.<\/strong>  Quand vous enlevez la neige et la glace en pelletant, vous aurez besoin de moins de sel, et cela peut \u00eatre plus efficace. Allez le plus t\u00f4t possible et suivez les temp\u00eates. Vous pourriez m\u00eame d\u00e9cider que le sel n\u2019est pas n\u00e9cessaire.  <\/li>\n<li><strong>Pour les zones glac\u00e9es :<\/strong><br \/>Utilisez une aide \u00e0 la traction comme de la liti\u00e8re pour chat ou du sable pour r\u00e9duire le risque de glisser.<br \/>Saupoudrez du mat\u00e9riau d\u00e9gla\u00e7ant uniquement sur les zones glac\u00e9es et suivez les instructions du fabricant concernant les temp\u00e9ratures de travail et les taux d\u2019application.<br \/>Donnez le temps au mat\u00e9riau d\u00e9gla\u00e7ant de faire son effet.<\/li>\n<li><strong>Utilisez le sel judicieusement.<\/strong>  Trop de sel peut devenir un risque de glissade et de chute, et c\u2019est du gaspillage lorsqu\u2019il n\u2019y a pas de glace \u00e0 trouver.<\/li>\n<li><strong>Balayez-le et gardez-le pour plus tard.<\/strong>  Balayez l\u2019exc\u00e9dent et le sel renvers\u00e9 et remettez-le dans son contenant pour le garder pour une autre fois.<\/li>\n<li><strong>Pr\u00e9venir les futures accumulations de verglas :<\/strong>\n<ul>\n<li><strong>Redirigez les descentes pluviales<\/strong> loin des trottoirs et de l\u2019entr\u00e9e.<\/li>\n<li><strong>Pelletez la neige non sal\u00e9e vers les zones basses<\/strong> ou sur les pelouses pour diriger la neige fondante loin des zones pav\u00e9es.<\/li>\n<\/ul>\n<\/li>\n<li>Si vous engagez un entrepreneur en d\u00e9neigement pour d\u00e9neiger des all\u00e9es ou des terrains, utilisez Certified Smart about Salt Contractors. Ils sont form\u00e9s pour r\u00e9duire la consommation de sel tout en maximisant l\u2019efficacit\u00e9 et la s\u00e9curit\u00e9. <\/li>\n<\/ol>\n<p>[\/et_pb_text][et_pb_button button_text=\u00a0\u00bbCarte postale intelligente avec le sel.\u00a0\u00bb _builder_version=\u00a0\u00bb4.27.4&Prime; _module_preset=\u00a0\u00bbdefault\u00a0\u00bb button_url=\u00a0\u00bb\/wp-content\/uploads\/2025\/08\/SAS_GetSmart_Postcard.pdf\u00a0\u00bb url_new_window=\u00a0\u00bbon\u00a0\u00bb hover_enabled=\u00a0\u00bb0&Prime; sticky_enabled=\u00a0\u00bb0&Prime;][\/et_pb_button][\/et_pb_column][\/et_pb_row][\/et_pb_section][et_pb_section fb_built=\u00a0\u00bb1&Prime; _builder_version=\u00a0\u00bb4.27.4&Prime; _module_preset=\u00a0\u00bbdefault\u00a0\u00bb custom_padding=\u00a0\u00bb100px||100px||true|false\u00a0\u00bb global_colors_info=\u00a0\u00bb{}\u00a0\u00bb][et_pb_row _builder_version=\u00a0\u00bb4.27.4&Prime; _module_preset=\u00a0\u00bbdefault\u00a0\u00bb hover_enabled=\u00a0\u00bb0&Prime; global_colors_info=\u00a0\u00bb{}\u00a0\u00bb column_structure=\u00a0\u00bb1_2,1_2&Prime; sticky_enabled=\u00a0\u00bb0&Prime;][et_pb_column type=\u00a0\u00bb1_2&Prime; _builder_version=\u00a0\u00bb4.27.4&Prime; _module_preset=\u00a0\u00bbdefault\u00a0\u00bb global_colors_info=\u00a0\u00bb{}\u00a0\u00bb][et_pb_text _builder_version=\u00a0\u00bb4.27.4&Prime; _module_preset=\u00a0\u00bbdefault\u00a0\u00bb header_font=\u00a0\u00bb|600|||||||\u00a0\u00bb header_2_font=\u00a0\u00bb|700|||||||\u00a0\u00bb header_2_text_align=\u00a0\u00bbcenter\u00a0\u00bb header_2_text_color=\u00a0\u00bb#017DC3&Prime; header_2_line_height=\u00a0\u00bb1.2em\u00a0\u00bb custom_margin=\u00a0\u00bb||22px|||\u00a0\u00bb hover_enabled=\u00a0\u00bb0&Prime; header_2_font_size_tablet=\u00a0\u00bb24px\u00a0\u00bb header_2_font_size_phone=\u00a0\u00bb18px\u00a0\u00bb header_2_font_size_last_edited=\u00a0\u00bbon|phone\u00a0\u00bb global_colors_info=\u00a0\u00bb{}\u00a0\u00bb sticky_enabled=\u00a0\u00bb0&Prime; text_orientation=\u00a0\u00bbcenter\u00a0\u00bb]<\/p>\n<h2>Plaisir pour les enfants<\/h2>\n<p>Quand vous n\u2019\u00eates pas dehors \u00e0 vous amuser dans la neige, t\u00e9l\u00e9chargez ce livre d\u2019activit\u00e9s rempli de plaisirs hivernaux!<\/p>\n<p>[\/et_pb_text][et_pb_button button_text=\u00a0\u00bbT\u00e9l\u00e9charger la page \u00e0 colorier\u00a0\u00bb button_alignment=\u00a0\u00bbcenter\u00a0\u00bb _builder_version=\u00a0\u00bb4.27.4&Prime; _module_preset=\u00a0\u00bbdefault\u00a0\u00bb hover_enabled=\u00a0\u00bb0&Prime; global_colors_info=\u00a0\u00bb{}\u00a0\u00bb button_url=\u00a0\u00bb\/wp-content\/uploads\/2025\/08\/SAS_ActivitySheet_web.pdf\u00a0\u00bb url_new_window=\u00a0\u00bbon\u00a0\u00bb sticky_enabled=\u00a0\u00bb0&Prime;][\/et_pb_button][\/et_pb_column][et_pb_column type=\u00a0\u00bb1_2&Prime; _builder_version=\u00a0\u00bb4.27.4&Prime; _module_preset=\u00a0\u00bbdefault\u00a0\u00bb global_colors_info=\u00a0\u00bb{}\u00a0\u00bb][et_pb_text _builder_version=\u00a0\u00bb4.27.4&Prime; _module_preset=\u00a0\u00bbdefault\u00a0\u00bb header_font=\u00a0\u00bb|600|||||||\u00a0\u00bb header_2_font=\u00a0\u00bb|700|||||||\u00a0\u00bb header_2_text_align=\u00a0\u00bbcenter\u00a0\u00bb header_2_text_color=\u00a0\u00bb#017DC3&Prime; header_2_line_height=\u00a0\u00bb1.2em\u00a0\u00bb custom_margin=\u00a0\u00bb||22px|||\u00a0\u00bb hover_enabled=\u00a0\u00bb0&Prime; header_2_font_size_tablet=\u00a0\u00bb24px\u00a0\u00bb header_2_font_size_phone=\u00a0\u00bb18px\u00a0\u00bb header_2_font_size_last_edited=\u00a0\u00bbon|phone\u00a0\u00bb global_colors_info=\u00a0\u00bb{}\u00a0\u00bb sticky_enabled=\u00a0\u00bb0&Prime; text_orientation=\u00a0\u00bbcenter\u00a0\u00bb]<\/p>\n<h2>Transmets-le<\/h2>\n<p>Demandez \u00e0 vos amis et \u00e0 votre famille de se joindre au d\u00e9fi. Expliquez aux entreprises et organisations pourquoi il est important que tout le monde soit intelligent \u00e0 propos du sel et encouragez-les \u00e0 devenir un site certifi\u00e9 Smart About Salt.<\/p>\n<p>Utilisez cette affiche pour encourager vos employ\u00e9s, coll\u00e8gues, clients et partenaires d\u2019affaires\/communautaires \u00e0 rejoindre le d\u00e9fi pour reprendre le contr\u00f4le![\/et_pb_text][et_pb_button button_text=\u00a0\u00bbT\u00e9l\u00e9charger l\u2019affiche\u00a0\u00bb button_alignment=\u00a0\u00bbcenter\u00a0\u00bb _builder_version=\u00a0\u00bb4.27.4&Prime; _module_preset=\u00a0\u00bbdefault\u00a0\u00bb hover_enabled=\u00a0\u00bb0&Prime; global_colors_info=\u00a0\u00bb{}\u00a0\u00bb button_url=\u00a0\u00bb\/wp-content\/uploads\/2025\/08\/SAS-Curb-the-Salt-poster-8.5&#215;11-FINAL.pdf\u00a0\u00bb url_new_window=\u00a0\u00bbon\u00a0\u00bb sticky_enabled=\u00a0\u00bb0&Prime;][\/et_pb_button][\/et_pb_column][\/et_pb_row][\/et_pb_section]<\/p>\n","protected":false},"excerpt":{"rendered":"<p>D\u00e9gagement de glace et conseils pour l\u2019hiverChoisissez les bons outils pour la m\u00e9t\u00e9o. Les outils de d\u00e9neigement et de glace contiennent plus que du sel. Avant de prendre du sel, demandez-vous quels outils (pelle, coupe-glace, sable&#8230;) vous avez pour g\u00e9rer les conditions m\u00e9t\u00e9orologiques. Sans aucun doute, le sel d\u2019hiver aide \u00e0 garder nos routes, stationnements [&hellip;]<\/p>\n","protected":false},"author":1,"featured_media":0,"parent":0,"menu_order":0,"comment_status":"closed","ping_status":"closed","template":"","meta":{"_acf_changed":false,"_et_pb_use_builder":"on","_et_pb_old_content":"","_et_gb_content_width":"","footnotes":""},"dipi_cpt_category":[],"class_list":["post-847","page","type-page","status-publish","hentry"],"acf":[],"_links":{"self":[{"href":"https:\/\/smartaboutsalt.com\/fr\/wp-json\/wp\/v2\/pages\/847","targetHints":{"allow":["GET"]}}],"collection":[{"href":"https:\/\/smartaboutsalt.com\/fr\/wp-json\/wp\/v2\/pages"}],"about":[{"href":"https:\/\/smartaboutsalt.com\/fr\/wp-json\/wp\/v2\/types\/page"}],"author":[{"embeddable":true,"href":"https:\/\/smartaboutsalt.com\/fr\/wp-json\/wp\/v2\/users\/1"}],"replies":[{"embeddable":true,"href":"https:\/\/smartaboutsalt.com\/fr\/wp-json\/wp\/v2\/comments?post=847"}],"version-history":[{"count":3,"href":"https:\/\/smartaboutsalt.com\/fr\/wp-json\/wp\/v2\/pages\/847\/revisions"}],"predecessor-version":[{"id":856,"href":"https:\/\/smartaboutsalt.com\/fr\/wp-json\/wp\/v2\/pages\/847\/revisions\/856"}],"wp:attachment":[{"href":"https:\/\/smartaboutsalt.com\/fr\/wp-json\/wp\/v2\/media?parent=847"}],"wp:term":[{"taxonomy":"dipi_cpt_category","embeddable":true,"href":"https:\/\/smartaboutsalt.com\/fr\/wp-json\/wp\/v2\/dipi_cpt_category?post=847"}],"curies":[{"name":"wp","href":"https:\/\/api.w.org\/{rel}","templated":true}]}}