{"id":914,"date":"2025-08-29T09:40:05","date_gmt":"2025-08-29T13:40:05","guid":{"rendered":"https:\/\/dev2025.smartaboutsalt.com\/entendiendo-la-sal\/"},"modified":"2025-09-09T17:43:01","modified_gmt":"2025-09-09T21:43:01","slug":"entendiendo-la-sal","status":"publish","type":"page","link":"https:\/\/smartaboutsalt.com\/es\/entendiendo-la-sal\/","title":{"rendered":"Entendiendo la sal"},"content":{"rendered":"<p>[et_pb_section fb_built=\u00bb1&#8243; _builder_version=\u00bb4.27.4&#8243; _module_preset=\u00bbdefault\u00bb use_background_color_gradient=\u00bbon\u00bb background_color_gradient_stops=\u00bb#a3a3a3 0%|#ffffff 90%\u00bb background_image=\u00bbhttps:\/\/smartaboutsalt.com\/wp-content\/uploads\/2025\/08\/snow-plough.webp\u00bb background_position=\u00bbbottom_center\u00bb background_blend=\u00bbscreen\u00bb custom_padding=\u00bb70px||0px||false|false\u00bb global_colors_info=\u00bb{}\u00bb][et_pb_row _builder_version=\u00bb4.27.4&#8243; _module_preset=\u00bbdefault\u00bb width=\u00bb60%\u00bb width_tablet=\u00bb78%\u00bb width_phone=\u00bb79%\u00bb width_last_edited=\u00bbon|desktop\u00bb animation_style=\u00bbfade\u00bb global_colors_info=\u00bb{}\u00bb][et_pb_column type=\u00bb4_4&#8243; _builder_version=\u00bb4.27.4&#8243; _module_preset=\u00bbdefault\u00bb global_colors_info=\u00bb{}\u00bb][et_pb_text _builder_version=\u00bb4.27.4&#8243; _module_preset=\u00bbdefault\u00bb header_font=\u00bb|700|||||||\u00bb header_text_align=\u00bbcenter\u00bb header_text_color=\u00bb#017DC3&#8243; header_font_size=\u00bb60px\u00bb header_line_height=\u00bb1.1em\u00bb custom_margin=\u00bb||10px|||\u00bb hover_enabled=\u00bb0&#8243; header_font_size_tablet=\u00bb50px\u00bb header_font_size_phone=\u00bb36px\u00bb header_font_size_last_edited=\u00bbon|desktop\u00bb global_colors_info=\u00bb{}\u00bb sticky_enabled=\u00bb0&#8243;]<\/p>\n<h1>Entendiendo c\u00f3mo funciona la sal y cu\u00e1ndo usarla<\/h1>\n<p>[\/et_pb_text][\/et_pb_column][\/et_pb_row][\/et_pb_section][et_pb_section fb_built=\u00bb1&#8243; _builder_version=\u00bb4.27.4&#8243; _module_preset=\u00bbdefault\u00bb custom_padding=\u00bb0px||||false|false\u00bb global_colors_info=\u00bb{}\u00bb][et_pb_row column_structure=\u00bb1_2,1_2&#8243; make_equal=\u00bbon\u00bb _builder_version=\u00bb4.27.4&#8243; _module_preset=\u00bbdefault\u00bb global_colors_info=\u00bb{}\u00bb][et_pb_column type=\u00bb1_2&#8243; _builder_version=\u00bb4.27.4&#8243; _module_preset=\u00bbdefault\u00bb custom_css_main_element=\u00bbmargin: auto;\u00bb global_colors_info=\u00bb{}\u00bb][et_pb_text _builder_version=\u00bb4.27.4&#8243; _module_preset=\u00bbdefault\u00bb hover_enabled=\u00bb0&#8243; global_colors_info=\u00bb{}\u00bb sticky_enabled=\u00bb0&#8243;]<\/p>\n<h2>Un poco de sal es suficiente<\/h2>\n<p>En muchos casos, aproximadamente una cucharada de sal por cada metro cuadrado de una losa de acera es todo lo que necesita. Elija una sal o un deshielador con un grano m\u00e1s peque\u00f1o, exti\u00e9ndalo uniformemente solo en las \u00e1reas heladas y d\u00e9le tiempo para que act\u00fae.<\/p>\n<p>[\/et_pb_text][\/et_pb_column][et_pb_column type=\u00bb1_2&#8243; _builder_version=\u00bb4.27.4&#8243; _module_preset=\u00bbdefault\u00bb custom_css_main_element=\u00bbmargin: auto;\u00bb global_colors_info=\u00bb{}\u00bb][et_pb_image src=\u00bbhttps:\/\/smartaboutsalt.com\/wp-content\/uploads\/2025\/08\/winter-roads.webp\u00bb title_text=\u00bbcarreteras invernales\u00bb _builder_version=\u00bb4.27.4&#8243; _module_preset=\u00bbdefault\u00bb hover_enabled=\u00bb0&#8243; global_colors_info=\u00bb{}\u00bb sticky_enabled=\u00bb0&#8243;][\/et_pb_image][\/et_pb_column][\/et_pb_row][et_pb_row make_equal=\u00bbon\u00bb _builder_version=\u00bb4.27.4&#8243; _module_preset=\u00bbdefault\u00bb global_colors_info=\u00bb{}\u00bb][et_pb_column type=\u00bb4_4&#8243; _builder_version=\u00bb4.27.4&#8243; _module_preset=\u00bbdefault\u00bb custom_css_main_element=\u00bbmargin: auto;\u00bb global_colors_info=\u00bb{}\u00bb][et_pb_text _builder_version=\u00bb4.27.4&#8243; _module_preset=\u00bbdefault\u00bb hover_enabled=\u00bb0&#8243; global_colors_info=\u00bb{}\u00bb sticky_enabled=\u00bb0&#8243;]<\/p>\n<h3>La sal funciona mejor entre 0 y -10 grados Celsius.<\/h3>\n<p>Cuando hace demasiado fr\u00edo para que la sal funcione, cambie a arena, gravilla o arena sanitaria para gatos que no se aglomere. No derretir\u00e1 el hielo, pero proporcionar\u00e1 tracci\u00f3n para reducir la posibilidad de resbalar. \u00bfLas temperaturas est\u00e1n subiendo? En lugar de sal, deje que el sol haga el deshielo por usted. Mientras el sol hace su trabajo, una rociada de arena puede ayudar a proporcionar tracci\u00f3n para reducir la posibilidad de resbalar.<\/p>\n<p>Cuando la temperatura baja a 0 \u00b0C, el agua se convierte en hielo. La sal funciona disolvi\u00e9ndose en el agua, creando salmuera que tiene una temperatura de congelaci\u00f3n m\u00e1s baja que el agua pura.<\/p>\n<p>En temperaturas fr\u00edas, la nieve puede adherirse al pavimento, lo que dificulta mucho su remoci\u00f3n. La sal de invierno previene o rompe la uni\u00f3n entre el hielo y el pavimento, lo que permite que la nieve y el hielo se puedan arar o palear m\u00e1s f\u00e1cilmente.<\/p>\n<p>Diferentes tipos de sal funcionan a diferentes temperaturas. Siga las instrucciones del fabricante para conocer las temperaturas de trabajo y las tasas de aplicaci\u00f3n. Antes de aplicar sal, verifique la temperatura exterior para asegurarse de que la sal que est\u00e1 utilizando funcione.<\/p>\n<p>[\/et_pb_text][\/et_pb_column][\/et_pb_row][\/et_pb_section][et_pb_section fb_built=\u00bb1&#8243; _builder_version=\u00bb4.27.4&#8243; _module_preset=\u00bbdefault\u00bb background_color=\u00bb#015082&#8243; background_enable_image=\u00bboff\u00bb background_blend=\u00bbmultiply\u00bb custom_padding=\u00bb80px||80px||true|false\u00bb global_colors_info=\u00bb{}\u00bb][et_pb_row _builder_version=\u00bb4.27.4&#8243; _module_preset=\u00bbdefault\u00bb animation_style=\u00bbfade\u00bb global_colors_info=\u00bb{}\u00bb][et_pb_column type=\u00bb4_4&#8243; _builder_version=\u00bb4.27.4&#8243; _module_preset=\u00bbdefault\u00bb global_colors_info=\u00bb{}\u00bb][et_pb_text _builder_version=\u00bb4.27.4&#8243; _module_preset=\u00bbdefault\u00bb header_3_text_align=\u00bbleft\u00bb header_3_text_color=\u00bb#FFFFFF\u00bb header_3_font_size=\u00bb30px\u00bb header_3_line_height=\u00bb1.5em\u00bb hover_enabled=\u00bb0&#8243; global_colors_info=\u00bb{}\u00bb sticky_enabled=\u00bb0&#8243; text_text_color=\u00bb#FFFFFF\u00bb]<\/p>\n<h3>En el pavimento<\/h3>\n<p>Cuando se esparce sal de carretera seca sobre el pavimento, la sal se mezcla con las gotas de agua de la nieve o el hielo para crear agua salada, que se llama soluci\u00f3n de salmuera. Este l\u00edquido se extiende para cubrir un \u00e1rea de superficie m\u00e1s grande.<\/p>\n<p>La sal que se roc\u00eda con una soluci\u00f3n de salmuera fabricada se llama sal prehumedecida. Esto ayuda a que la sal act\u00fae m\u00e1s r\u00e1pido para derretir el hielo y la nieve en el pavimento.<\/p>\n<p>Las soluciones de salmuera tambi\u00e9n se utilizan para evitar la formaci\u00f3n de hielo. En este caso, la salmuera se aplica sobre el pavimento despejado antes de una tormenta prevista. La mezcla l\u00edquida se seca sobre la superficie pavimentada. A medida que cae la nieve o se forma la escarcha, recrea la salmuera y evita que la nieve y el hielo se adhieran a la carretera.<\/p>\n<p>Los beneficios de usar soluciones de salmuera para prevenir y derretir el hielo incluyen menos sal, funcionar a temperaturas m\u00e1s bajas y permanecer donde se aplica.[\/et_pb_text][\/et_pb_column][\/et_pb_row][\/et_pb_section]<\/p>\n","protected":false},"excerpt":{"rendered":"<p>Entendiendo c\u00f3mo funciona la sal y cu\u00e1ndo usarlaUn poco de sal es suficiente En muchos casos, aproximadamente una cucharada de sal por cada metro cuadrado de una losa de acera es todo lo que necesita. Elija una sal o un deshielador con un grano m\u00e1s peque\u00f1o, exti\u00e9ndalo uniformemente solo en las \u00e1reas heladas y d\u00e9le [&hellip;]<\/p>\n","protected":false},"author":1,"featured_media":0,"parent":0,"menu_order":0,"comment_status":"closed","ping_status":"closed","template":"","meta":{"_acf_changed":false,"_et_pb_use_builder":"on","_et_pb_old_content":"","_et_gb_content_width":"","footnotes":""},"dipi_cpt_category":[],"class_list":["post-914","page","type-page","status-publish","hentry"],"acf":[],"_links":{"self":[{"href":"https:\/\/smartaboutsalt.com\/es\/wp-json\/wp\/v2\/pages\/914","targetHints":{"allow":["GET"]}}],"collection":[{"href":"https:\/\/smartaboutsalt.com\/es\/wp-json\/wp\/v2\/pages"}],"about":[{"href":"https:\/\/smartaboutsalt.com\/es\/wp-json\/wp\/v2\/types\/page"}],"author":[{"embeddable":true,"href":"https:\/\/smartaboutsalt.com\/es\/wp-json\/wp\/v2\/users\/1"}],"replies":[{"embeddable":true,"href":"https:\/\/smartaboutsalt.com\/es\/wp-json\/wp\/v2\/comments?post=914"}],"version-history":[{"count":2,"href":"https:\/\/smartaboutsalt.com\/es\/wp-json\/wp\/v2\/pages\/914\/revisions"}],"predecessor-version":[{"id":916,"href":"https:\/\/smartaboutsalt.com\/es\/wp-json\/wp\/v2\/pages\/914\/revisions\/916"}],"wp:attachment":[{"href":"https:\/\/smartaboutsalt.com\/es\/wp-json\/wp\/v2\/media?parent=914"}],"wp:term":[{"taxonomy":"dipi_cpt_category","embeddable":true,"href":"https:\/\/smartaboutsalt.com\/es\/wp-json\/wp\/v2\/dipi_cpt_category?post=914"}],"curies":[{"name":"wp","href":"https:\/\/api.w.org\/{rel}","templated":true}]}}