{"id":911,"date":"2025-08-26T09:08:48","date_gmt":"2025-08-26T13:08:48","guid":{"rendered":"https:\/\/dev2025.smartaboutsalt.com\/recursos-de-capacitacion\/"},"modified":"2025-09-09T17:42:36","modified_gmt":"2025-09-09T21:42:36","slug":"recursos-de-capacitacion","status":"publish","type":"page","link":"https:\/\/smartaboutsalt.com\/es\/recursos-de-capacitacion\/","title":{"rendered":"Recursos de capacitaci\u00f3n"},"content":{"rendered":"<p>[et_pb_section fb_built=\u00bb1&#8243; _builder_version=\u00bb4.27.4&#8243; _module_preset=\u00bbdefault\u00bb use_background_color_gradient=\u00bbon\u00bb background_color_gradient_stops=\u00bb#a3a3a3 0%|#ffffff 90%\u00bb background_image=\u00bbhttps:\/\/smartaboutsalt.com\/wp-content\/uploads\/2025\/08\/snow-plough.webp\u00bb background_position=\u00bbbottom_center\u00bb background_blend=\u00bbscreen\u00bb custom_padding=\u00bb70px||0px||false|false\u00bb global_colors_info=\u00bb{}\u00bb][et_pb_row _builder_version=\u00bb4.27.4&#8243; _module_preset=\u00bbdefault\u00bb width=\u00bb60%\u00bb width_tablet=\u00bb78%\u00bb width_phone=\u00bb79%\u00bb width_last_edited=\u00bbon|desktop\u00bb animation_style=\u00bbfade\u00bb global_colors_info=\u00bb{}\u00bb][et_pb_column type=\u00bb4_4&#8243; _builder_version=\u00bb4.27.4&#8243; _module_preset=\u00bbdefault\u00bb global_colors_info=\u00bb{}\u00bb][et_pb_text _builder_version=\u00bb4.27.4&#8243; _module_preset=\u00bbdefault\u00bb header_font=\u00bb|700|||||||\u00bb header_text_align=\u00bbcenter\u00bb header_text_color=\u00bb#017DC3&#8243; header_font_size=\u00bb60px\u00bb header_line_height=\u00bb1.1em\u00bb custom_margin=\u00bb||10px|||\u00bb header_font_size_tablet=\u00bb50px\u00bb header_font_size_phone=\u00bb36px\u00bb header_font_size_last_edited=\u00bbon|desktop\u00bb global_colors_info=\u00bb{}\u00bb]<\/p>\n<h1>Recursos de capacitaci\u00f3n<\/h1>\n<p>[\/et_pb_text][\/et_pb_column][\/et_pb_row][\/et_pb_section][et_pb_section fb_built=\u00bb1&#8243; _builder_version=\u00bb4.27.4&#8243; _module_preset=\u00bbdefault\u00bb custom_padding=\u00bb0px||||false|false\u00bb global_colors_info=\u00bb{}\u00bb][et_pb_row _builder_version=\u00bb4.27.4&#8243; _module_preset=\u00bbdefault\u00bb hover_enabled=\u00bb0&#8243; global_colors_info=\u00bb{}\u00bb column_structure=\u00bb1_2,1_2&#8243; sticky_enabled=\u00bb0&#8243;][et_pb_column type=\u00bb1_2&#8243; _builder_version=\u00bb4.27.4&#8243; _module_preset=\u00bbdefault\u00bb global_colors_info=\u00bb{}\u00bb][et_pb_text _builder_version=\u00bb4.27.4&#8243; _module_preset=\u00bbdefault\u00bb text_orientation=\u00bbcenter\u00bb hover_enabled=\u00bb0&#8243; global_colors_info=\u00bb{}\u00bb header_4_font=\u00bb||||||||\u00bb header_4_font_size=\u00bb20px\u00bb sticky_enabled=\u00bb0&#8243; custom_margin=\u00bb||16px|||\u00bb]<\/p>\n<h4>Esquema del curso de Fundamentos de la gesti\u00f3n de sal<\/h4>\n<p>[\/et_pb_text][et_pb_button button_text=\u00bbPrograma de estudios de Fundamentos de la gesti\u00f3n de sal\u00bb _builder_version=\u00bb4.27.4&#8243; _module_preset=\u00bbdefault\u00bb button_url=\u00bb\/wp-content\/uploads\/2025\/08\/Essential-of-Salt-Management-Syllabus.pdf\u00bb url_new_window=\u00bbon\u00bb hover_enabled=\u00bb0&#8243; sticky_enabled=\u00bb0&#8243; button_alignment=\u00bbcenter\u00bb][\/et_pb_button][\/et_pb_column][et_pb_column type=\u00bb1_2&#8243; _builder_version=\u00bb4.27.4&#8243; _module_preset=\u00bbdefault\u00bb global_colors_info=\u00bb{}\u00bb][et_pb_text _builder_version=\u00bb4.27.4&#8243; _module_preset=\u00bbdefault\u00bb text_orientation=\u00bbcenter\u00bb hover_enabled=\u00bb0&#8243; global_colors_info=\u00bb{}\u00bb header_4_font=\u00bb||||||||\u00bb header_4_font_size=\u00bb20px\u00bb sticky_enabled=\u00bb0&#8243; custom_margin=\u00bb||16px|||\u00bb]<\/p>\n<h4>Gu\u00eda de soluci\u00f3n de problemas en l\u00ednea<\/h4>\n<p>[\/et_pb_text][et_pb_button button_text=\u00bbSoluci\u00f3n de problemas de capacitaci\u00f3n de SASC\u00bb _builder_version=\u00bb4.27.4&#8243; _module_preset=\u00bbdefault\u00bb button_url=\u00bb\/wp-content\/uploads\/2025\/08\/SASC-Training-Troubleshooting-20220901.pdf\u00bb url_new_window=\u00bbon\u00bb hover_enabled=\u00bb0&#8243; sticky_enabled=\u00bb0&#8243; button_alignment=\u00bbcenter\u00bb][\/et_pb_button][\/et_pb_column][\/et_pb_row][et_pb_row _builder_version=\u00bb4.27.4&#8243; _module_preset=\u00bbdefault\u00bb hover_enabled=\u00bb0&#8243; global_colors_info=\u00bb{}\u00bb column_structure=\u00bb1_2,1_2&#8243; sticky_enabled=\u00bb0&#8243;][et_pb_column type=\u00bb1_2&#8243; _builder_version=\u00bb4.27.4&#8243; _module_preset=\u00bbdefault\u00bb global_colors_info=\u00bb{}\u00bb][et_pb_text _builder_version=\u00bb4.27.4&#8243; _module_preset=\u00bbdefault\u00bb text_orientation=\u00bbcenter\u00bb hover_enabled=\u00bb0&#8243; global_colors_info=\u00bb{}\u00bb header_4_font=\u00bb||||||||\u00bb header_4_font_size=\u00bb20px\u00bb sticky_enabled=\u00bb0&#8243; custom_margin=\u00bb||16px|||\u00bb]<\/p>\n<h4>Libro de trabajo de capacitaci\u00f3n de Fundamentos de la gesti\u00f3n de sal<br \/>\n<\/h4>\n<p>[\/et_pb_text][et_pb_button button_text=\u00bbLibro de trabajo de capacitaci\u00f3n\u00bb _builder_version=\u00bb4.27.4&#8243; _module_preset=\u00bbdefault\u00bb button_url=\u00bb\/wp-content\/uploads\/2025\/08\/Training-Workbook-20200115v4.2.pdf\u00bb url_new_window=\u00bbon\u00bb hover_enabled=\u00bb0&#8243; sticky_enabled=\u00bb0&#8243; button_alignment=\u00bbcenter\u00bb][\/et_pb_button][\/et_pb_column][et_pb_column type=\u00bb1_2&#8243; _builder_version=\u00bb4.27.4&#8243; _module_preset=\u00bbdefault\u00bb global_colors_info=\u00bb{}\u00bb][et_pb_text _builder_version=\u00bb4.27.4&#8243; _module_preset=\u00bbdefault\u00bb text_orientation=\u00bbcenter\u00bb hover_enabled=\u00bb0&#8243; global_colors_info=\u00bb{}\u00bb header_4_font=\u00bb||||||||\u00bb header_4_font_size=\u00bb20px\u00bb sticky_enabled=\u00bb0&#8243; custom_margin=\u00bb||16px|||\u00bb]<\/p>\n<h4>Formulario de comentarios sobre la capacitaci\u00f3n<\/h4>\n<p>[\/et_pb_text][et_pb_button button_text=\u00bbFormulario de comentarios\u00bb _builder_version=\u00bb4.27.4&#8243; _module_preset=\u00bbdefault\u00bb button_url=\u00bb\/wp-content\/uploads\/2025\/08\/Feeback-Form-v1.pdf\u00bb url_new_window=\u00bbon\u00bb hover_enabled=\u00bb0&#8243; sticky_enabled=\u00bb0&#8243; button_alignment=\u00bbcenter\u00bb][\/et_pb_button][\/et_pb_column][\/et_pb_row][et_pb_row _builder_version=\u00bb4.27.4&#8243; _module_preset=\u00bbdefault\u00bb][et_pb_column _builder_version=\u00bb4.27.4&#8243; _module_preset=\u00bbdefault\u00bb type=\u00bb4_4&#8243;][et_pb_text _builder_version=\u00bb4.27.4&#8243; _module_preset=\u00bbdefault\u00bb link_text_color=\u00bb#017DC3&#8243; link_font=\u00bb||||on||||\u00bb hover_enabled=\u00bb0&#8243; sticky_enabled=\u00bb0&#8243; text_orientation=\u00bbcenter\u00bb]<\/p>\n<p>Tenga en cuenta que el Smart About Salt Council (SASC) mantiene un sitio web independiente para todos los cursos de capacitaci\u00f3n en l\u00ednea accesibles en <a href=\"http:\/\/sasclms.web.net\/\" target=\"_blank\" rel=\"noopener\"><span><strong>learning.smartaboutsalt.com<\/strong>.<\/span><\/a><\/p>\n<p>[\/et_pb_text][\/et_pb_column][\/et_pb_row][\/et_pb_section]<\/p>\n","protected":false},"excerpt":{"rendered":"<p>Recursos de capacitaci\u00f3nEsquema del curso de Fundamentos de la gesti\u00f3n de salGu\u00eda de soluci\u00f3n de problemas en l\u00edneaLibro de trabajo de capacitaci\u00f3n de Fundamentos de la gesti\u00f3n de sal Formulario de comentarios sobre la capacitaci\u00f3nTenga en cuenta que el Smart About Salt Council (SASC) mantiene un sitio web independiente para todos los cursos de capacitaci\u00f3n [&hellip;]<\/p>\n","protected":false},"author":1,"featured_media":0,"parent":0,"menu_order":0,"comment_status":"closed","ping_status":"closed","template":"","meta":{"_acf_changed":false,"_et_pb_use_builder":"on","_et_pb_old_content":"","_et_gb_content_width":"","footnotes":""},"dipi_cpt_category":[],"class_list":["post-911","page","type-page","status-publish","hentry"],"acf":[],"_links":{"self":[{"href":"https:\/\/smartaboutsalt.com\/es\/wp-json\/wp\/v2\/pages\/911","targetHints":{"allow":["GET"]}}],"collection":[{"href":"https:\/\/smartaboutsalt.com\/es\/wp-json\/wp\/v2\/pages"}],"about":[{"href":"https:\/\/smartaboutsalt.com\/es\/wp-json\/wp\/v2\/types\/page"}],"author":[{"embeddable":true,"href":"https:\/\/smartaboutsalt.com\/es\/wp-json\/wp\/v2\/users\/1"}],"replies":[{"embeddable":true,"href":"https:\/\/smartaboutsalt.com\/es\/wp-json\/wp\/v2\/comments?post=911"}],"version-history":[{"count":2,"href":"https:\/\/smartaboutsalt.com\/es\/wp-json\/wp\/v2\/pages\/911\/revisions"}],"predecessor-version":[{"id":913,"href":"https:\/\/smartaboutsalt.com\/es\/wp-json\/wp\/v2\/pages\/911\/revisions\/913"}],"wp:attachment":[{"href":"https:\/\/smartaboutsalt.com\/es\/wp-json\/wp\/v2\/media?parent=911"}],"wp:term":[{"taxonomy":"dipi_cpt_category","embeddable":true,"href":"https:\/\/smartaboutsalt.com\/es\/wp-json\/wp\/v2\/dipi_cpt_category?post=911"}],"curies":[{"name":"wp","href":"https:\/\/api.w.org\/{rel}","templated":true}]}}