{"id":902,"date":"2025-08-29T10:29:31","date_gmt":"2025-08-29T14:29:31","guid":{"rendered":"https:\/\/dev2025.smartaboutsalt.com\/el-impacto-de-la-sal\/"},"modified":"2025-09-09T17:41:56","modified_gmt":"2025-09-09T21:41:56","slug":"el-impacto-de-la-sal","status":"publish","type":"page","link":"https:\/\/smartaboutsalt.com\/es\/el-impacto-de-la-sal\/","title":{"rendered":"El impacto de la sal"},"content":{"rendered":"<p>[et_pb_section fb_built=\u00bb1&#8243; _builder_version=\u00bb4.27.4&#8243; _module_preset=\u00bbdefault\u00bb use_background_color_gradient=\u00bbon\u00bb background_color_gradient_stops=\u00bb#a3a3a3 0%|#ffffff 90%\u00bb background_image=\u00bbhttps:\/\/smartaboutsalt.com\/wp-content\/uploads\/2025\/08\/snow-plough.webp\u00bb background_position=\u00bbbottom_center\u00bb background_blend=\u00bbscreen\u00bb custom_padding=\u00bb70px||0px||false|false\u00bb global_colors_info=\u00bb{}\u00bb][et_pb_row _builder_version=\u00bb4.27.4&#8243; _module_preset=\u00bbdefault\u00bb width=\u00bb60%\u00bb width_tablet=\u00bb78%\u00bb width_phone=\u00bb79%\u00bb width_last_edited=\u00bbon|desktop\u00bb animation_style=\u00bbfade\u00bb global_colors_info=\u00bb{}\u00bb][et_pb_column type=\u00bb4_4&#8243; _builder_version=\u00bb4.27.4&#8243; _module_preset=\u00bbdefault\u00bb global_colors_info=\u00bb{}\u00bb][et_pb_text _builder_version=\u00bb4.27.4&#8243; _module_preset=\u00bbdefault\u00bb header_font=\u00bb|700|||||||\u00bb header_text_align=\u00bbcenter\u00bb header_text_color=\u00bb#017DC3&#8243; header_font_size=\u00bb60px\u00bb header_line_height=\u00bb1.1em\u00bb custom_margin=\u00bb||10px|||\u00bb header_font_size_tablet=\u00bb50px\u00bb header_font_size_phone=\u00bb36px\u00bb header_font_size_last_edited=\u00bbon|desktop\u00bb global_colors_info=\u00bb{}\u00bb]<\/p>\n<h1>La sal y nuestro medio ambiente<\/h1>\n<p>[\/et_pb_text][\/et_pb_column][\/et_pb_row][\/et_pb_section][et_pb_section fb_built=\u00bb1&#8243; _builder_version=\u00bb4.27.4&#8243; _module_preset=\u00bbdefault\u00bb custom_padding=\u00bb0px||||false|false\u00bb global_colors_info=\u00bb{}\u00bb][et_pb_row _builder_version=\u00bb4.27.4&#8243; _module_preset=\u00bbdefault\u00bb column_structure=\u00bb1_3,1_3,1_3&#8243; hover_enabled=\u00bb0&#8243; sticky_enabled=\u00bb0&#8243;][et_pb_column _builder_version=\u00bb4.27.4&#8243; _module_preset=\u00bbdefault\u00bb type=\u00bb1_3&#8243;][et_pb_text _builder_version=\u00bb4.27.4&#8243; _module_preset=\u00bbdefault\u00bb hover_enabled=\u00bb0&#8243; global_colors_info=\u00bb{}\u00bb sticky_enabled=\u00bb0&#8243; header_2_font_size=\u00bb29px\u00bb ol_position=\u00bboutside\u00bb ol_item_indent=\u00bb25px\u00bb header_3_font=\u00bb|700|||||||\u00bb header_3_text_color=\u00bb#017DC3&#8243;]<\/p>\n<h3>Ayude a mantener la sal fuera de nuestra agua<\/h3>\n<ol>\n<li><strong>Rompa el hielo.<\/strong> Rompa el hielo antes de recurrir a la sal. Intente usar un rompehielos de acero para romper el hielo.<\/li>\n<li><strong>Cree tracci\u00f3n.<\/strong> Cambie a arena, arenilla y arena sanitaria no aglomerante cuando haga demasiado fr\u00edo para que la sal funcione. No derretir\u00e1 el hielo, pero proporcionar\u00e1 tracci\u00f3n para reducir la posibilidad de resbalar.<\/li>\n<li><strong>Prevenga el hielo para reducir los riesgos de resbalones y ca\u00eddas.<\/strong> Dirija los bajantes lejos de las pasarelas y entradas de veh\u00edculos, y mantenga despejados los aleros y los desag\u00fces pluviales. Menos hielo significa menos sal.<\/li>\n<li><strong>Quite la nieve primero.<\/strong> Retire la nieve lo antes posible antes de que se compacte y se convierta en hielo. No use sal para derretir la nieve; reserve la sal solo para \u00e1reas heladas.<\/li>\n<li><strong>Use la sal con prudencia.<\/strong> Use sal solo en \u00e1reas heladas y dele tiempo para que funcione. En muchos casos, aproximadamente una cucharada de sal por un \u00e1rea de un metro cuadrado es todo lo que necesita.<\/li>\n<\/ol>\n<p>[\/et_pb_text][\/et_pb_column][et_pb_column _builder_version=\u00bb4.27.4&#8243; _module_preset=\u00bbdefault\u00bb type=\u00bb1_3&#8243;][et_pb_text _builder_version=\u00bb4.27.4&#8243; _module_preset=\u00bbdefault\u00bb hover_enabled=\u00bb0&#8243; global_colors_info=\u00bb{}\u00bb sticky_enabled=\u00bb0&#8243; header_2_font_size=\u00bb29px\u00bb ol_position=\u00bboutside\u00bb ol_item_indent=\u00bb25px\u00bb header_3_font=\u00bb|700|||||||\u00bb header_3_text_color=\u00bb#017DC3&#8243;]<\/p>\n<h3>C\u00f3mo la sal impacta la calidad del agua<\/h3>\n<ol>\n<li><strong>La sal incluye productos con cloruro.<\/strong> Ya sea que el producto diga sal, derretidor de hielo, amigable para mascotas, amigable con el medio ambiente o 100% natural, si derrite el hielo, lo m\u00e1s probable es que contenga cloruro y sea da\u00f1ino para el agua.<\/li>\n<li><strong>La sal impacta la calidad del agua.<\/strong> La sal no desaparece despu\u00e9s de derretir el hielo. Con el tiempo, la sal que ponemos en el suelo puede terminar en nuestra agua potable, haciendo que tenga un sabor salado.<\/li>\n<li><strong>\u00bfA d\u00f3nde va toda esa sal?<\/strong> La sal no desaparece despu\u00e9s de derretir el hielo. Puede filtrarse en el suelo para mezclarse con el agua subterr\u00e1nea o drenar en una cuenca de tormentas que desemboca en una v\u00eda fluvial local.<\/li>\n<\/ol>\n<p>[\/et_pb_text][\/et_pb_column][et_pb_column _builder_version=\u00bb4.27.4&#8243; _module_preset=\u00bbdefault\u00bb type=\u00bb1_3&#8243;][et_pb_text _builder_version=\u00bb4.27.4&#8243; _module_preset=\u00bbdefault\u00bb hover_enabled=\u00bb0&#8243; global_colors_info=\u00bb{}\u00bb sticky_enabled=\u00bb0&#8243; header_2_font_size=\u00bb29px\u00bb ol_position=\u00bboutside\u00bb ol_item_indent=\u00bb25px\u00bb header_3_font=\u00bb|700|||||||\u00bb header_3_text_color=\u00bb#017DC3&#8243; header_5_font=\u00bb|700|||||||\u00bb]<\/p>\n<h3>C\u00f3mo la sal nos impacta a todos<\/h3>\n<h5>Nuestras botas se lo agradecer\u00e1n.<\/h5>\n<p>Dejar de echar sal por completo podr\u00eda no ser una opci\u00f3n, pero usar un poco menos puede significar menos botas de invierno manchadas de sal.<\/p>\n<h5>Nuestros edificios se lo agradecer\u00e1n.<\/h5>\n<p>Dejar de echar sal por completo podr\u00eda no ser una opci\u00f3n, pero usar un poco menos puede significar menos reparaciones por da\u00f1os causados por la sal a los edificios.<\/p>\n<h5>Nuestros hijos se lo agradecer\u00e1n.<\/h5>\n<p>Dejar de echar sal por completo podr\u00eda no ser una opci\u00f3n, pero usar un poco menos ayuda a proteger el agua potable para las generaciones futuras.<\/p>\n<p>[\/et_pb_text][\/et_pb_column][\/et_pb_row][\/et_pb_section]<\/p>\n","protected":false},"excerpt":{"rendered":"<p>La sal y nuestro medio ambienteAyude a mantener la sal fuera de nuestra agua Rompa el hielo. Rompa el hielo antes de recurrir a la sal. Intente usar un rompehielos de acero para romper el hielo. Cree tracci\u00f3n. Cambie a arena, arenilla y arena sanitaria no aglomerante cuando haga demasiado fr\u00edo para que la sal [&hellip;]<\/p>\n","protected":false},"author":1,"featured_media":0,"parent":0,"menu_order":0,"comment_status":"closed","ping_status":"closed","template":"","meta":{"_acf_changed":false,"_et_pb_use_builder":"on","_et_pb_old_content":"","_et_gb_content_width":"","footnotes":""},"dipi_cpt_category":[],"class_list":["post-902","page","type-page","status-publish","hentry"],"acf":[],"_links":{"self":[{"href":"https:\/\/smartaboutsalt.com\/es\/wp-json\/wp\/v2\/pages\/902","targetHints":{"allow":["GET"]}}],"collection":[{"href":"https:\/\/smartaboutsalt.com\/es\/wp-json\/wp\/v2\/pages"}],"about":[{"href":"https:\/\/smartaboutsalt.com\/es\/wp-json\/wp\/v2\/types\/page"}],"author":[{"embeddable":true,"href":"https:\/\/smartaboutsalt.com\/es\/wp-json\/wp\/v2\/users\/1"}],"replies":[{"embeddable":true,"href":"https:\/\/smartaboutsalt.com\/es\/wp-json\/wp\/v2\/comments?post=902"}],"version-history":[{"count":2,"href":"https:\/\/smartaboutsalt.com\/es\/wp-json\/wp\/v2\/pages\/902\/revisions"}],"predecessor-version":[{"id":904,"href":"https:\/\/smartaboutsalt.com\/es\/wp-json\/wp\/v2\/pages\/902\/revisions\/904"}],"wp:attachment":[{"href":"https:\/\/smartaboutsalt.com\/es\/wp-json\/wp\/v2\/media?parent=902"}],"wp:term":[{"taxonomy":"dipi_cpt_category","embeddable":true,"href":"https:\/\/smartaboutsalt.com\/es\/wp-json\/wp\/v2\/dipi_cpt_category?post=902"}],"curies":[{"name":"wp","href":"https:\/\/api.w.org\/{rel}","templated":true}]}}