{"id":888,"date":"2025-08-29T09:57:43","date_gmt":"2025-08-29T13:57:43","guid":{"rendered":"https:\/\/dev2025.smartaboutsalt.com\/remocion-de-hielo-y-consejos-para-el-invierno\/"},"modified":"2025-09-09T17:41:11","modified_gmt":"2025-09-09T21:41:11","slug":"remocion-de-hielo-y-consejos-para-el-invierno","status":"publish","type":"page","link":"https:\/\/smartaboutsalt.com\/es\/remocion-de-hielo-y-consejos-para-el-invierno\/","title":{"rendered":"Remoci\u00f3n de hielo y consejos para el invierno"},"content":{"rendered":"<p>[et_pb_section fb_built=\u00bb1&#8243; _builder_version=\u00bb4.27.4&#8243; _module_preset=\u00bbdefault\u00bb use_background_color_gradient=\u00bbon\u00bb background_color_gradient_stops=\u00bb#a3a3a3 0%|#ffffff 90%\u00bb background_image=\u00bbhttps:\/\/smartaboutsalt.com\/wp-content\/uploads\/2025\/08\/snow-plough.webp\u00bb background_position=\u00bbbottom_center\u00bb background_blend=\u00bbscreen\u00bb custom_padding=\u00bb70px||0px||false|false\u00bb global_colors_info=\u00bb{}\u00bb][et_pb_row _builder_version=\u00bb4.27.4&#8243; _module_preset=\u00bbdefault\u00bb width=\u00bb60%\u00bb width_tablet=\u00bb78%\u00bb width_phone=\u00bb79%\u00bb width_last_edited=\u00bbon|desktop\u00bb animation_style=\u00bbfade\u00bb global_colors_info=\u00bb{}\u00bb][et_pb_column type=\u00bb4_4&#8243; _builder_version=\u00bb4.27.4&#8243; _module_preset=\u00bbdefault\u00bb global_colors_info=\u00bb{}\u00bb][et_pb_text _builder_version=\u00bb4.27.4&#8243; _module_preset=\u00bbdefault\u00bb header_font=\u00bb|700|||||||\u00bb header_text_align=\u00bbcenter\u00bb header_text_color=\u00bb#017DC3&#8243; header_font_size=\u00bb60px\u00bb header_line_height=\u00bb1.1em\u00bb custom_margin=\u00bb||10px|||\u00bb hover_enabled=\u00bb0&#8243; header_font_size_tablet=\u00bb50px\u00bb header_font_size_phone=\u00bb36px\u00bb header_font_size_last_edited=\u00bbon|desktop\u00bb global_colors_info=\u00bb{}\u00bb sticky_enabled=\u00bb0&#8243;]<\/p>\n<h1>Remoci\u00f3n de hielo y consejos para el invierno<\/h1>\n<p>[\/et_pb_text][\/et_pb_column][\/et_pb_row][\/et_pb_section][et_pb_section fb_built=\u00bb1&#8243; _builder_version=\u00bb4.27.4&#8243; _module_preset=\u00bbdefault\u00bb custom_padding=\u00bb0px||||false|false\u00bb global_colors_info=\u00bb{}\u00bb][et_pb_row make_equal=\u00bbon\u00bb _builder_version=\u00bb4.27.4&#8243; _module_preset=\u00bbdefault\u00bb hover_enabled=\u00bb0&#8243; global_colors_info=\u00bb{}\u00bb sticky_enabled=\u00bb0&#8243;][et_pb_column type=\u00bb4_4&#8243; _builder_version=\u00bb4.27.4&#8243; _module_preset=\u00bbdefault\u00bb custom_css_main_element=\u00bbmargin: auto;\u00bb global_colors_info=\u00bb{}\u00bb][et_pb_text _builder_version=\u00bb4.27.4&#8243; _module_preset=\u00bbdefault\u00bb hover_enabled=\u00bb0&#8243; global_colors_info=\u00bb{}\u00bb text_orientation=\u00bbcenter\u00bb sticky_enabled=\u00bb0&#8243; link_text_color=\u00bb#017DC3&#8243; link_font=\u00bb||||on||||\u00bb]<\/p>\n<p>Elija las herramientas adecuadas para el clima. Las herramientas para remover nieve y hielo incluyen m\u00e1s que solo sal. Antes de usar sal, preg\u00fantese qu\u00e9 otras herramientas (pala, hacha para hielo, arena&#8230;) tiene para lidiar con las condiciones clim\u00e1ticas.  <\/p>\n<p>Sin duda, la sal para invierno ayuda a mantener nuestras carreteras, estacionamientos y caminos libres de nieve y hielo. Sin embargo, a medida que crecen las poblaciones, el tr\u00e1fico y la infraestructura, tambi\u00e9n crece nuestra dependencia de la sal, lo cual no es necesariamente algo bueno. <\/p>\n<p>Es posible mantenerse seguro este invierno y minimizar el <a href=\"https:\/\/smartaboutsalt.com\/es\/la-sal-y-nuestro-medio-ambiente\/\">impacto de la sal en el medio ambiente<\/a>.<\/p>\n<p>[\/et_pb_text][\/et_pb_column][\/et_pb_row][\/et_pb_section][et_pb_section fb_built=\u00bb1&#8243; _builder_version=\u00bb4.27.4&#8243; _module_preset=\u00bbdefault\u00bb custom_padding=\u00bb0px||||false|false\u00bb global_colors_info=\u00bb{}\u00bb][et_pb_row column_structure=\u00bb1_2,1_2&#8243; make_equal=\u00bbon\u00bb _builder_version=\u00bb4.27.4&#8243; _module_preset=\u00bbdefault\u00bb global_colors_info=\u00bb{}\u00bb][et_pb_column type=\u00bb1_2&#8243; _builder_version=\u00bb4.27.4&#8243; _module_preset=\u00bbdefault\u00bb custom_css_main_element=\u00bbmargin: auto;\u00bb global_colors_info=\u00bb{}\u00bb][et_pb_text _builder_version=\u00bb4.27.4&#8243; _module_preset=\u00bbdefault\u00bb hover_enabled=\u00bb0&#8243; global_colors_info=\u00bb{}\u00bb ol_item_indent=\u00bb30px\u00bb ol_position=\u00bboutside\u00bb sticky_enabled=\u00bb0&#8243; link_text_color=\u00bb#017DC3&#8243; link_font=\u00bb||||on||||\u00bb]<\/p>\n<h2>Tenga control sobre la nieve y el hielo<\/h2>\n<p>Si bien la sal puede hacer que el invierno sea m\u00e1s seguro, es solo una parte de la respuesta. Haga su parte. Prot\u00e9jase de resbalones y ca\u00eddas.  <\/p>\n<ol>\n<li>Use calzado resistente dise\u00f1ado para nieve y hielo para protegerse de resbalones y ca\u00eddas.<br \/>Las botas deben tener una buena suela para tracci\u00f3n con tacones bajos y anchos. Consulte esta <a href=\"\/wp-content\/uploads\/2025\/08\/SAS_WinterBootAnatomy.pdf\" target=\"_blank\" rel=\"noopener\">gu\u00eda \u00fatil (PDF)<\/a> para comprar calzado de invierno adecuado. <\/li>\n<li>Ponga neum\u00e1ticos de invierno en su autom\u00f3vil. Disminuya la velocidad en la carretera. Dese m\u00e1s tiempo para llegar a su destino. Conduzca seg\u00fan las condiciones. Y aseg\u00farese de darles a los conductores de quitanieves mucho espacio para hacer su trabajo.    <\/li>\n<li>Use una ayuda de tracci\u00f3n como arena para gatos o arena para reducir la posibilidad de resbalar.<\/li>\n<\/ol>\n<p><a href=\"\/wp-content\/uploads\/2025\/08\/SAS-Curb-the-Salt-poster-8.5x11-FINAL.pdf\" target=\"_blank\" rel=\"noopener\">Descargue el p\u00f3ster \u00abReduzca la sal\u00bb (PDF)<\/a><\/p>\n<p>[\/et_pb_text][\/et_pb_column][et_pb_column type=\u00bb1_2&#8243; _builder_version=\u00bb4.27.4&#8243; _module_preset=\u00bbdefault\u00bb custom_css_main_element=\u00bbmargin: auto;\u00bb global_colors_info=\u00bb{}\u00bb][et_pb_image src=\u00bbhttps:\/\/smartaboutsalt.com\/wp-content\/uploads\/2025\/08\/Snow-Boots.webp\u00bb title_text=\u00bbBotas para nieve\u00bb _builder_version=\u00bb4.27.4&#8243; _module_preset=\u00bbdefault\u00bb hover_enabled=\u00bb0&#8243; global_colors_info=\u00bb{}\u00bb sticky_enabled=\u00bb0&#8243;][\/et_pb_image][\/et_pb_column][\/et_pb_row][\/et_pb_section][et_pb_section fb_built=\u00bb1&#8243; _builder_version=\u00bb4.27.4&#8243; _module_preset=\u00bbdefault\u00bb background_color=\u00bb#015082&#8243; background_enable_image=\u00bboff\u00bb background_blend=\u00bbmultiply\u00bb custom_padding=\u00bb80px||80px||true|false\u00bb global_colors_info=\u00bb{}\u00bb][et_pb_row _builder_version=\u00bb4.27.4&#8243; _module_preset=\u00bbdefault\u00bb animation_style=\u00bbfade\u00bb global_colors_info=\u00bb{}\u00bb][et_pb_column type=\u00bb4_4&#8243; _builder_version=\u00bb4.27.4&#8243; _module_preset=\u00bbdefault\u00bb global_colors_info=\u00bb{}\u00bb][et_pb_text _builder_version=\u00bb4.27.4&#8243; _module_preset=\u00bbdefault\u00bb header_3_text_align=\u00bbleft\u00bb header_3_text_color=\u00bb#FFFFFF\u00bb header_3_font_size=\u00bb30px\u00bb header_3_line_height=\u00bb1.5em\u00bb hover_enabled=\u00bb0&#8243; global_colors_info=\u00bb{}\u00bb text_text_color=\u00bb#FFFFFF\u00bb sticky_enabled=\u00bb0&#8243;]<\/p>\n<h3>Sea inteligente con la sal<\/h3>\n<p>Para mantener su entrada y acera libres de nieve y hielo:[\/et_pb_text][\/et_pb_column][\/et_pb_row][et_pb_row _builder_version=\u00bb4.27.4&#8243; _module_preset=\u00bbdefault\u00bb hover_enabled=\u00bb0&#8243; global_colors_info=\u00bb{}\u00bb sticky_enabled=\u00bb0&#8243;][et_pb_column type=\u00bb4_4&#8243; _builder_version=\u00bb4.27.4&#8243; _module_preset=\u00bbdefault\u00bb global_colors_info=\u00bb{}\u00bb][et_pb_text _builder_version=\u00bb4.27.4&#8243; _module_preset=\u00bbdefault\u00bb text_text_color=\u00bb#FFFFFF\u00bb header_5_font=\u00bb|700|||||||\u00bb header_5_text_color=\u00bb#FFFFFF\u00bb header_5_font_size=\u00bb20px\u00bb header_5_line_height=\u00bb1.3em\u00bb hover_enabled=\u00bb0&#8243; global_colors_info=\u00bb{}\u00bb ol_position=\u00bboutside\u00bb ol_item_indent=\u00bb30px\u00bb sticky_enabled=\u00bb0&#8243;]<\/p>\n<ol>\n<li><strong>Palee primero.<\/strong> Cuando quita la nieve y el hielo paleando, necesitar\u00e1 menos sal y puede ser m\u00e1s eficaz. Salga tan pronto como pueda y mant\u00e9ngase al d\u00eda con las tormentas. Incluso puede decidir que no se necesita sal.  <\/li>\n<li><strong>Para parches helados:<\/strong><br \/>Use una ayuda de tracci\u00f3n como arena para gatos o arena para reducir la posibilidad de resbalar.<br \/>Espolvoree material descongelante solo en \u00e1reas heladas y siga las instrucciones del fabricante para las temperaturas de trabajo y las tasas de aplicaci\u00f3n.<br \/>Dele tiempo al material descongelante para que haga su trabajo.<\/li>\n<li><strong>Use la sal con prudencia.<\/strong> Demasiada sal puede convertirse en un peligro de resbalones y ca\u00eddas y es un desperdicio cuando no hay hielo.<\/li>\n<li><strong>Barra y gu\u00e1rdela para m\u00e1s tarde.<\/strong> Barra el exceso de sal y la sal derramada y vuelva a colocarla en su recipiente para guardarla para otra ocasi\u00f3n.<\/li>\n<li><strong>Prevenga futuras acumulaciones de hielo:<\/strong>\n<ul>\n<li><strong>Redirija los bajantes<\/strong> lejos de las pasarelas y la entrada.<\/li>\n<li><strong>Palee la nieve sin sal hacia \u00e1reas m\u00e1s bajas<\/strong> o sobre el c\u00e9sped para dirigir el derretimiento de la nieve lejos de las \u00e1reas pavimentadas.<\/li>\n<\/ul>\n<\/li>\n<li>Si contrata a un contratista de remoci\u00f3n de nieve para limpiar entradas de veh\u00edculos o lotes, utilice contratistas certificados Smart about Salt. Est\u00e1n capacitados para reducir el uso de sal al tiempo que maximizan la eficacia y la seguridad. <\/li>\n<\/ol>\n<p>[\/et_pb_text][et_pb_button button_text=\u00bbPostal Smart about Salt\u00bb _builder_version=\u00bb4.27.4&#8243; _module_preset=\u00bbdefault\u00bb button_url=\u00bb\/wp-content\/uploads\/2025\/08\/SAS_GetSmart_Postcard.pdf\u00bb url_new_window=\u00bbon\u00bb hover_enabled=\u00bb0&#8243; sticky_enabled=\u00bb0&#8243;][\/et_pb_button][\/et_pb_column][\/et_pb_row][\/et_pb_section][et_pb_section fb_built=\u00bb1&#8243; _builder_version=\u00bb4.27.4&#8243; _module_preset=\u00bbdefault\u00bb custom_padding=\u00bb100px||100px||true|false\u00bb global_colors_info=\u00bb{}\u00bb][et_pb_row _builder_version=\u00bb4.27.4&#8243; _module_preset=\u00bbdefault\u00bb hover_enabled=\u00bb0&#8243; global_colors_info=\u00bb{}\u00bb column_structure=\u00bb1_2,1_2&#8243; sticky_enabled=\u00bb0&#8243;][et_pb_column type=\u00bb1_2&#8243; _builder_version=\u00bb4.27.4&#8243; _module_preset=\u00bbdefault\u00bb global_colors_info=\u00bb{}\u00bb][et_pb_text _builder_version=\u00bb4.27.4&#8243; _module_preset=\u00bbdefault\u00bb header_font=\u00bb|600|||||||\u00bb header_2_font=\u00bb|700|||||||\u00bb header_2_text_align=\u00bbcenter\u00bb header_2_text_color=\u00bb#017DC3&#8243; header_2_line_height=\u00bb1.2em\u00bb custom_margin=\u00bb||22px|||\u00bb hover_enabled=\u00bb0&#8243; header_2_font_size_tablet=\u00bb24px\u00bb header_2_font_size_phone=\u00bb18px\u00bb header_2_font_size_last_edited=\u00bbon|phone\u00bb global_colors_info=\u00bb{}\u00bb sticky_enabled=\u00bb0&#8243; text_orientation=\u00bbcenter\u00bb]<\/p>\n<h2>Diversi\u00f3n para ni\u00f1os<\/h2>\n<p>Cuando no est\u00e9 afuera divirti\u00e9ndose en la nieve, \u00a1descargue este libro de actividades lleno de diversi\u00f3n invernal!<\/p>\n<p>[\/et_pb_text][et_pb_button button_text=\u00bbDescargar p\u00e1gina para colorear\u00bb button_alignment=\u00bbcenter\u00bb _builder_version=\u00bb4.27.4&#8243; _module_preset=\u00bbdefault\u00bb hover_enabled=\u00bb0&#8243; global_colors_info=\u00bb{}\u00bb button_url=\u00bb\/wp-content\/uploads\/2025\/08\/SAS_ActivitySheet_web.pdf\u00bb url_new_window=\u00bbon\u00bb sticky_enabled=\u00bb0&#8243;][\/et_pb_button][\/et_pb_column][et_pb_column type=\u00bb1_2&#8243; _builder_version=\u00bb4.27.4&#8243; _module_preset=\u00bbdefault\u00bb global_colors_info=\u00bb{}\u00bb][et_pb_text _builder_version=\u00bb4.27.4&#8243; _module_preset=\u00bbdefault\u00bb header_font=\u00bb|600|||||||\u00bb header_2_font=\u00bb|700|||||||\u00bb header_2_text_align=\u00bbcenter\u00bb header_2_text_color=\u00bb#017DC3&#8243; header_2_line_height=\u00bb1.2em\u00bb custom_margin=\u00bb||22px|||\u00bb hover_enabled=\u00bb0&#8243; header_2_font_size_tablet=\u00bb24px\u00bb header_2_font_size_phone=\u00bb18px\u00bb header_2_font_size_last_edited=\u00bbon|phone\u00bb global_colors_info=\u00bb{}\u00bb sticky_enabled=\u00bb0&#8243; text_orientation=\u00bbcenter\u00bb]<\/p>\n<h2>P\u00e1salo<\/h2>\n<p>P\u00eddales a sus amigos y familiares que se unan al desaf\u00edo. Cu\u00e9nteles a las empresas y organizaciones por qu\u00e9 es importante que todos sean inteligentes con la sal y an\u00edmelos a convertirse en un sitio certificado Smart About Salt. <\/p>\n<p>\u00a1Use este p\u00f3ster para alentar a sus empleados, colegas, clientes y socios comerciales\/comunitarios a unirse al desaf\u00edo para tener control![\/et_pb_text][et_pb_button button_text=\u00bbDescargar p\u00f3ster\u00bb button_alignment=\u00bbcenter\u00bb _builder_version=\u00bb4.27.4&#8243; _module_preset=\u00bbdefault\u00bb hover_enabled=\u00bb0&#8243; global_colors_info=\u00bb{}\u00bb button_url=\u00bb\/wp-content\/uploads\/2025\/08\/SAS-Curb-the-Salt-poster-8.5&#215;11-FINAL.pdf\u00bb url_new_window=\u00bbon\u00bb sticky_enabled=\u00bb0&#8243;][\/et_pb_button][\/et_pb_column][\/et_pb_row][\/et_pb_section]<\/p>\n","protected":false},"excerpt":{"rendered":"<p>Remoci\u00f3n de hielo y consejos para el inviernoElija las herramientas adecuadas para el clima. Las herramientas para remover nieve y hielo incluyen m\u00e1s que solo sal. Antes de usar sal, preg\u00fantese qu\u00e9 otras herramientas (pala, hacha para hielo, arena&#8230;) tiene para lidiar con las condiciones clim\u00e1ticas. Sin duda, la sal para invierno ayuda a mantener [&hellip;]<\/p>\n","protected":false},"author":1,"featured_media":0,"parent":0,"menu_order":0,"comment_status":"closed","ping_status":"closed","template":"","meta":{"_acf_changed":false,"_et_pb_use_builder":"on","_et_pb_old_content":"","_et_gb_content_width":"","footnotes":""},"dipi_cpt_category":[],"class_list":["post-888","page","type-page","status-publish","hentry"],"acf":[],"_links":{"self":[{"href":"https:\/\/smartaboutsalt.com\/es\/wp-json\/wp\/v2\/pages\/888","targetHints":{"allow":["GET"]}}],"collection":[{"href":"https:\/\/smartaboutsalt.com\/es\/wp-json\/wp\/v2\/pages"}],"about":[{"href":"https:\/\/smartaboutsalt.com\/es\/wp-json\/wp\/v2\/types\/page"}],"author":[{"embeddable":true,"href":"https:\/\/smartaboutsalt.com\/es\/wp-json\/wp\/v2\/users\/1"}],"replies":[{"embeddable":true,"href":"https:\/\/smartaboutsalt.com\/es\/wp-json\/wp\/v2\/comments?post=888"}],"version-history":[{"count":3,"href":"https:\/\/smartaboutsalt.com\/es\/wp-json\/wp\/v2\/pages\/888\/revisions"}],"predecessor-version":[{"id":900,"href":"https:\/\/smartaboutsalt.com\/es\/wp-json\/wp\/v2\/pages\/888\/revisions\/900"}],"wp:attachment":[{"href":"https:\/\/smartaboutsalt.com\/es\/wp-json\/wp\/v2\/media?parent=888"}],"wp:term":[{"taxonomy":"dipi_cpt_category","embeddable":true,"href":"https:\/\/smartaboutsalt.com\/es\/wp-json\/wp\/v2\/dipi_cpt_category?post=888"}],"curies":[{"name":"wp","href":"https:\/\/api.w.org\/{rel}","templated":true}]}}